{"id":1059,"date":"2014-06-19T11:32:14","date_gmt":"2014-06-19T15:32:14","guid":{"rendered":"http:\/\/villamedica.ca\/?page_id=1059"},"modified":"2022-05-12T14:35:04","modified_gmt":"2022-05-12T18:35:04","slug":"training","status":"publish","type":"page","link":"https:\/\/villamedica.ca\/en\/research-and-training-2\/training\/","title":{"rendered":"Trainings"},"content":{"rendered":"<p>[vc_row css_animation=&#8221;none&#8221; css=&#8221;.vc_custom_1650924778571{background-color: #efefef !important;}&#8221;][vc_column][vc_column_text]<\/p>\n<h2 style=\"text-align: center;\">In academia<\/h2>\n<p style=\"text-align: center;\">Villa Medica is committed to passing on its knowledge. Training the next generation means betting on the future by ensuring the quality of care that will be provided to our future clientele. Many physiotherapists and occupational therapists teach at the School of Rehabilitation at the Universit\u00e9 de Montr\u00e9al and at the School of Physiotherapy and Occupational Therapy at McGill University. Our stakeholders are therefore always aware of advances in their field of expertise.<\/p>\n<p>[\/vc_column_text][\/vc_column][\/vc_row][vc_row css=&#8221;.vc_custom_1650924696856{margin-top: 10px !important;margin-bottom: 10px !important;background-color: #efefef !important;}&#8221;][vc_column][vc_column_text]<\/p>\n<h2 style=\"text-align: center;\">For severe burn victims<\/h2>\n<p style=\"text-align: center;\">***Next training: (info to come)***<\/p>\n<p style=\"text-align: center;\">Villa Medica&#8217;s team of experts has a mandate to transfer knowledge to the various professionals of the various establishments who collaborate in the follow-up of these patients. The ultimate goal is for each of these patients to recover their optimal functional capacities in order to ensure a quality of life. These professionals also pass on their knowledge and expertise by collaborating with the \u00c9cole de technologie sup\u00e9rieure de Montr\u00e9al.<\/p>\n<p>[\/vc_column_text][\/vc_column][\/vc_row][vc_row css=&#8221;.vc_custom_1650924682306{margin-top: 5px !important;background-color: #efefef !important;}&#8221;][vc_column][vc_column_text]<\/p>\n<h2 style=\"text-align: center;\">In neurology<\/h2>\n<p style=\"text-align: center;\">Neuro-Environmental Rehabilitation 21st century (NER 21)<\/p>\n<p>[\/vc_column_text][vc_btn title=&#8221;Next session information&#8221; shape=&#8221;round&#8221; color=&#8221;primary&#8221; align=&#8221;center&#8221; link=&#8221;url:https%3A%2F%2Fvillamedica.ca%2Fformation-ner21%2F|title:NER21%20training|&#8221;][\/vc_column][\/vc_row]<\/p>\n","protected":false},"excerpt":{"rendered":"<p>[vc_row css_animation=&#8221;none&#8221; css=&#8221;.vc_custom_1650924778571{background-color: #efefef !important;}&#8221;][vc_column][vc_column_text] In academia Villa Medica is committed to passing on its knowledge. Training the next generation means betting on the future by ensuring the quality of care that will be provided to our future clientele. Many physiotherapists and occupational therapists teach at the School of Rehabilitation at the Universit\u00e9 de Montr\u00e9al [&hellip;]<\/p>\n","protected":false},"author":2,"featured_media":0,"parent":451,"menu_order":0,"comment_status":"open","ping_status":"open","template":"page2.php","meta":{"_acf_changed":false,"footnotes":""},"class_list":["post-1059","page","type-page","status-publish","hentry"],"acf":[],"aioseo_notices":[],"_links":{"self":[{"href":"https:\/\/villamedica.ca\/en\/wp-json\/wp\/v2\/pages\/1059","targetHints":{"allow":["GET"]}}],"collection":[{"href":"https:\/\/villamedica.ca\/en\/wp-json\/wp\/v2\/pages"}],"about":[{"href":"https:\/\/villamedica.ca\/en\/wp-json\/wp\/v2\/types\/page"}],"author":[{"embeddable":true,"href":"https:\/\/villamedica.ca\/en\/wp-json\/wp\/v2\/users\/2"}],"replies":[{"embeddable":true,"href":"https:\/\/villamedica.ca\/en\/wp-json\/wp\/v2\/comments?post=1059"}],"version-history":[{"count":5,"href":"https:\/\/villamedica.ca\/en\/wp-json\/wp\/v2\/pages\/1059\/revisions"}],"predecessor-version":[{"id":7887,"href":"https:\/\/villamedica.ca\/en\/wp-json\/wp\/v2\/pages\/1059\/revisions\/7887"}],"up":[{"embeddable":true,"href":"https:\/\/villamedica.ca\/en\/wp-json\/wp\/v2\/pages\/451"}],"wp:attachment":[{"href":"https:\/\/villamedica.ca\/en\/wp-json\/wp\/v2\/media?parent=1059"}],"curies":[{"name":"wp","href":"https:\/\/api.w.org\/{rel}","templated":true}]}}