{"id":10923,"date":"2024-10-10T11:04:06","date_gmt":"2024-10-10T15:04:06","guid":{"rendered":"https:\/\/villamedica.ca\/?page_id=10923"},"modified":"2026-05-07T16:12:06","modified_gmt":"2026-05-07T20:12:06","slug":"formation-sur-la-readaptation-des-victimes-de-brulures-graves-2","status":"publish","type":"page","link":"https:\/\/villamedica.ca\/en\/formation-sur-la-readaptation-des-victimes-de-brulures-graves-2\/","title":{"rendered":"R\u00e9adaptation des victimes de br\u00fblures graves"},"content":{"rendered":"\n<h2 class=\"ewa-rteLine\">Une formation sp\u00e9cialis\u00e9e, con\u00e7ue par des experts<\/h2>\n<div class=\"ewa-rteLine\">L\u2019\u00e9quipe interdisciplinaire du programme des grands br\u00fbl\u00e9s de Villa Medica offre une formation professionnelle compl\u00e8te sur la r\u00e9adaptation des victimes de br\u00fblures graves.<\/div>\n<div>&nbsp;<\/div>\n<h3 class=\"ewa-rteLine\">Objectifs :<\/h3>\n<ul class='list-reset-disc'>\n<li class=\"ewa-rteLine\">Comprendre le continuum de soins et les traitements chirurgicaux<\/li>\n<li class=\"ewa-rteLine\">Ma\u00eetriser les outils d\u2019\u00e9valuation et d\u2019intervention<\/li>\n<li class=\"ewa-rteLine\">Int\u00e9grer l\u2019approche interdisciplinaire<\/li>\n<li class=\"ewa-rteLine\">Explorer les donn\u00e9es probantes les plus r\u00e9centes<\/li>\n<\/ul>\n\n\n\n<hr class=\"wp-block-separator has-alpha-channel-opacity\"\/>\n\n\n\n<h3 class=\"ewa-rteLine\">Programme d\u00e9taill\u00e9 :<\/h3>\n<div class=\"ewa-rteLine\"><strong>Jour 1<\/strong><\/div>\n<div>&nbsp;<\/div>\n<ul class='list-reset-disc'>\n<li class=\"ewa-rteLine\">Th\u00e9orie sur le syst\u00e8me cutan\u00e9 et la cicatrisation<\/li>\n<li class=\"ewa-rteLine\">Ateliers pratiques : v\u00eatements compressifs, orth\u00e8ses, pl\u00e2tres, chaleur, gels, pansements fonctionnels<\/li>\n<li class=\"ewa-rteLine\">Techniques : massages cicatriciels, mise en tension, \u00e9tirements<\/li>\n<li class=\"ewa-rteLine\">Psychosocial : impacts et retour au travail<\/li>\n<\/ul>\n<div class=\"ewa-rteLine\">&nbsp;<\/div>\n<div class=\"ewa-rteLine\"><strong>Jour 2<\/strong><\/div>\n<div>&nbsp;<\/div>\n<ul class='list-reset-disc'>\n<li class=\"ewa-rteLine\">Complications : douleur, prurit, sexualit\u00e9, syst\u00e8mes nerveux et vasculaire<\/li>\n<li class=\"ewa-rteLine\">Approches innovantes et donn\u00e9es issues des derniers congr\u00e8s<\/li>\n<\/ul>\n\n\n\n<hr class=\"wp-block-separator has-alpha-channel-opacity\"\/>\n\n\n\n<h3 class=\"ewa-rteLine\">Informations pratiques :<\/h3>\n<p>Prochaines formations 23 et 24 avril 2027.<\/p>\n\n\n\n<hr class=\"wp-block-separator has-alpha-channel-opacity\"\/>\n\n\n\n<h3 class=\"ewa-rteLine\">Public cible :<\/h3>\n<ul class='list-reset-disc'>\n<li class=\"ewa-rteLine\">Professionnels de la sant\u00e9 impliqu\u00e9s en r\u00e9adaptation, en particulier :<\/li>\n<li class=\"ewa-rteLine\">Physioth\u00e9rapeutes<\/li>\n<li class=\"ewa-rteLine\">Ergoth\u00e9rapeutes<\/li>\n<li class=\"ewa-rteLine\">Technologues en physioth\u00e9rapie<\/li>\n<\/ul>\n\n\n\n<hr class=\"wp-block-separator has-alpha-channel-opacity\"\/>\n\n\n\n<h3 class=\"ewa-rteLine\">Contact :<\/h3>\n<div class=\"ewa-rteLine\">M\u00e9lanie Camirand-Larue<\/div>\n<div class=\"ewa-rteLine\">Coordonnatrice \u2013 Programme des grands br\u00fbl\u00e9s<\/div>\n<div><a href=\"mailto:melanie.camirand-larue.vmed@ssss.gouv.qc.ca\">melanie.camirand-larue.vmed@ssss.gouv.qc.ca<\/a>\u00a0<\/div>\n<div class=\"ewa-rteLine\">514-288-8201, poste 4579<\/div>\n\n\n\n<hr class=\"wp-block-separator has-css-opacity is-style-wide\"\/>\n\n\n\n<div class=\"wp-block-buttons is-horizontal is-content-justification-center is-layout-flex wp-container-core-buttons-is-layout-499968f5 wp-block-buttons-is-layout-flex\">\n<div class=\"wp-block-button\"><a class=\"wp-block-button__link wp-element-button\">Inscription \u00e0 venir !<\/a><\/div>\n<\/div>\n","protected":false},"excerpt":{"rendered":"<p>Une formation sp\u00e9cialis\u00e9e, con\u00e7ue par des experts L\u2019\u00e9quipe interdisciplinaire du programme des grands br\u00fbl\u00e9s de Villa Medica offre une formation professionnelle compl\u00e8te sur la r\u00e9adaptation des victimes de br\u00fblures graves. &nbsp; Objectifs : Comprendre le continuum de soins et les traitements chirurgicaux Ma\u00eetriser les outils d\u2019\u00e9valuation et d\u2019intervention Int\u00e9grer l\u2019approche interdisciplinaire Explorer les donn\u00e9es probantes [&hellip;]<\/p>\n","protected":false},"author":8,"featured_media":0,"parent":0,"menu_order":0,"comment_status":"closed","ping_status":"closed","template":"","meta":{"_acf_changed":false,"footnotes":""},"class_list":["post-10923","page","type-page","status-publish","hentry"],"acf":[],"aioseo_notices":[],"_links":{"self":[{"href":"https:\/\/villamedica.ca\/en\/wp-json\/wp\/v2\/pages\/10923","targetHints":{"allow":["GET"]}}],"collection":[{"href":"https:\/\/villamedica.ca\/en\/wp-json\/wp\/v2\/pages"}],"about":[{"href":"https:\/\/villamedica.ca\/en\/wp-json\/wp\/v2\/types\/page"}],"author":[{"embeddable":true,"href":"https:\/\/villamedica.ca\/en\/wp-json\/wp\/v2\/users\/8"}],"replies":[{"embeddable":true,"href":"https:\/\/villamedica.ca\/en\/wp-json\/wp\/v2\/comments?post=10923"}],"version-history":[{"count":12,"href":"https:\/\/villamedica.ca\/en\/wp-json\/wp\/v2\/pages\/10923\/revisions"}],"predecessor-version":[{"id":12315,"href":"https:\/\/villamedica.ca\/en\/wp-json\/wp\/v2\/pages\/10923\/revisions\/12315"}],"wp:attachment":[{"href":"https:\/\/villamedica.ca\/en\/wp-json\/wp\/v2\/media?parent=10923"}],"curies":[{"name":"wp","href":"https:\/\/api.w.org\/{rel}","templated":true}]}}