{"id":3639,"date":"2017-12-13T10:23:25","date_gmt":"2017-12-13T15:23:25","guid":{"rendered":"http:\/\/villamedica.ca\/?page_id=3639"},"modified":"2025-11-19T11:35:29","modified_gmt":"2025-11-19T16:35:29","slug":"agrement","status":"publish","type":"page","link":"https:\/\/villamedica.ca\/en\/a-propos-de-nous\/agrement\/","title":{"rendered":"Nos certifications"},"content":{"rendered":"<h2>L&#8217;agr\u00e9ment, notre gage de qualit\u00e9<\/h2>\n<div>\n<p><a href=\"https:\/\/villamedica.ca\/en\/villa-medica-lhopital-de-readaptation-villa-medica-recoit-la-mention-dhonneur-du-programme-qmentum-dagrement-canada\/\"><img loading=\"lazy\" decoding=\"async\" class=\"alignright wp-image-2639 size-thumbnail\" src=\"https:\/\/villamedica.ca\/wp-content\/uploads\/2017\/05\/agrementfr-150x150.png\" alt=\"agrement\" width=\"150\" height=\"150\" \/><\/a>L\u2019agr\u00e9ment des soins de sant\u00e9 est un processus d\u2019\u00e9valuation continue des organismes de soins de sant\u00e9 et de services sociaux par rapport \u00e0 des normes d\u2019excellence pour d\u00e9terminer ce qui fonctionne bien et ce qui doit \u00eatre am\u00e9lior\u00e9.<\/p>\n<p>L\u2019agr\u00e9ment importe, car il permet de cr\u00e9er de meilleurs soins de sant\u00e9 et services sociaux pour vous,\u00a0vos proches et\u00a0votre communaut\u00e9. L\u2019agr\u00e9ment permet aux organismes de comprendre comment mieux utiliser leurs ressources, augmenter l\u2019efficience, am\u00e9liorer la qualit\u00e9 et la s\u00e9curit\u00e9 et diminuer le risque.\u00a0(source: <a href=\"https:\/\/accreditation.ca\/ca-fr\" target=\"_blank\" rel=\"noopener\">Agr\u00e9ment Canada<\/a>)<\/p>\n<hr \/>\n<h2>Villa Medica agr\u00e9\u00e9 depuis plus de 60 ans<\/h2>\n<p><a href=\"https:\/\/villamedica.ca\/en\/villa-medica-obtient-une-distinction-exceptionnelle-pour-ses-services-aux-victimes-davc\/\"><img loading=\"lazy\" decoding=\"async\" class=\"alignright wp-image-3683\" src=\"https:\/\/villamedica.ca\/wp-content\/uploads\/2017\/12\/Image5-300x127.png\" alt=\"distinction AVC\" width=\"200\" height=\"85\" srcset=\"https:\/\/villamedica.ca\/wp-content\/uploads\/2017\/12\/Image5-300x127.png 300w, https:\/\/villamedica.ca\/wp-content\/uploads\/2017\/12\/Image5.png 450w\" sizes=\"auto, (max-width: 200px) 100vw, 200px\" \/><\/a>C&#8217;est en novembre 1971 qu&#8217;a eu lieu la premi\u00e8re accr\u00e9ditation de l&#8217;H\u00f4pital de r\u00e9adaptation Villa Medica (HRVM) par le Conseil canadien d&#8217;agr\u00e9ment des services de sant\u00e9 (CCASS). Depuis, l&#8217;\u00e9tablissement\u00a0est engag\u00e9 dans un <strong>processus d&#8217;\u00e9valuation continue<\/strong> et a constamment adapt\u00e9 et am\u00e9lior\u00e9 ses soins et ses services. En d\u00e9cembre 2020, \u00e0 l&#8217;occasion de sa 17e visite d&#8217;agr\u00e9ment, Agr\u00e9ment Canada a d\u00e9cern\u00e9 pour la seconde fois la <strong>mention d&#8217;honneur<\/strong> \u00e0 notre \u00e9tablissement.<\/p>\n<p>En mars 2014, l&#8217;HRVM est devenu le premier \u00e9tablissement francophone au Canada \u00e0 s&#8217;\u00eatre conform\u00e9 aux exigences du programme <em>Distinction &#8211; Services aux victimes d&#8217;AVC<\/em> d&#8217;Agr\u00e9ment Canada (<a href=\"https:\/\/villamedica.ca\/en\/villa-medica-obtient-une-distinction-exceptionnelle-pour-ses-services-aux-victimes-davc\/\">lire nouvelle<\/a>).<\/p>\n<hr \/>\n<h2>Mod\u00e8le Planetree<\/h2>\n<p>Depuis 2012, l\u2019H\u00f4pital de r\u00e9adaptation Villa Medica souscrit \u00e0 une d\u00e9marche d\u2019implantation du mod\u00e8le Planetree. Le mod\u00e8le Planetree sous-tend une philosophie humaine o\u00f9 la richesse d\u2019une communaut\u00e9 de pratiques qui partage des id\u00e9es modulables \u00e0 la r\u00e9alit\u00e9 de chacun permet de s\u2019enrichir mutuellement, d\u2019\u00e9voluer et d\u2019innover continuellement afin d\u2019offrir des soins et des services de qualit\u00e9 personnalis\u00e9s, chaleureux et qui r\u00e9pondent aux besoins de la client\u00e8le.<\/p>\n<div class=\"wp-block-image\">\n<figure class=\"alignright\"><a href=\"https:\/\/villamedica.ca\/wp-content\/uploads\/2022\/05\/Certification_FR_Or.png\"><img loading=\"lazy\" decoding=\"async\" class=\"alignright wp-image-7799 size-medium\" src=\"https:\/\/villamedica.ca\/wp-content\/uploads\/2022\/05\/Certification_FR_Or-196x300.png\" sizes=\"auto, (max-width: 196px) 100vw, 196px\" srcset=\"https:\/\/villamedica.ca\/wp-content\/uploads\/2022\/05\/Certification_FR_Or-196x300.png 196w, https:\/\/villamedica.ca\/wp-content\/uploads\/2022\/05\/Certification_FR_Or-667x1024.png 667w, https:\/\/villamedica.ca\/wp-content\/uploads\/2022\/05\/Certification_FR_Or-768x1178.png 768w, https:\/\/villamedica.ca\/wp-content\/uploads\/2022\/05\/Certification_FR_Or-1001x1536.png 1001w, https:\/\/villamedica.ca\/wp-content\/uploads\/2022\/05\/Certification_FR_Or.png 1185w\" alt=\"\" width=\"196\" height=\"300\" \/><\/a><figcaption><a href=\"https:\/\/villamedica.ca\/en\/villa-medica-reconnue-a-linternational-pour-la-qualite-humaine-de-ses-soins\/\" target=\"_blank\" rel=\"noopener\">En 2025, R\u00e9seau Planetree\u00a0 a d\u00e9cern\u00e9 la reconnaissance Or \u00e0 Villa Medica (cliquer pour lire nouvelle)<\/a><\/figcaption><\/figure>\n<\/div>\n<p>Concr\u00e8tement, l\u2019H\u00f4pital de r\u00e9adaptation Villa Medica, dans son processus d\u2019am\u00e9lioration, tente de personnaliser et d\u2019humaniser chacune de ses actions afin de favoriser le bien-\u00eatre de l\u2019ensemble des usagers et du personnel. Dans la poursuite d\u2019innovation, d\u2019ouverture et de partage, les initiatives mises de l\u2019avant doivent s\u2019inscrire en concordance avec les composantes Planetree, qui sont de :<\/p>\n<ul class=\"list-reset-disc wp-block-list\">\n<li>Valoriser les interactions humaines<\/li>\n<li>Inclure les proches<\/li>\n<li>Partager l\u2019information<\/li>\n<li>Humaniser l\u2019environnement physique<\/li>\n<li>Stimuler par l\u2019alimentation<\/li>\n<li>Cheminer par les arts<\/li>\n<li>Soutenir la qu\u00eate de sens<\/li>\n<li>Communiquer par le toucher<\/li>\n<li>S\u2019ouvrir aux th\u00e9rapies compl\u00e9mentaires<\/li>\n<li>S\u2019associer \u00e0 la communaut\u00e9<\/li>\n<\/ul>\n<p>Pour en savoir davantage sur le mod\u00e8le Planetree,\u00a0<a title=\"R\u00e9seau Planetree Qu\u00e9bec\" href=\"http:\/\/reseauplanetree.org\/\" target=\"_blank\" rel=\"noopener\">cliquez ici<\/a>.<\/p>\n<hr \/>\n<h2>Pour en conna\u00eetre davantage<\/h2>\n<p><a href=\"https:\/\/accreditation.ca\/ca-fr\/\" target=\"_blank\" rel=\"noopener\">Agr\u00e9ment Canada<\/a> (site Web)<br \/>\n<a href=\"\\Intranet\\Pr\u00e9sentation de VM\\Agr\u00e9ment\\Depliant-pour-le-public.pdf\" target=\"_blank\" rel=\"noopener\">Agr\u00e9ment Canada &#8211; Meilleure qualit\u00e9. Meilleure sant\u00e9.<\/a> (d\u00e9pliant)<br \/>\n<a href=\"https:\/\/www3.accreditation.ca\/OrgPortal\/Documents\/Resources\/AddResources\/Soins%20centr%c3%a9s%20sur%20l%e2%80%99usager%20et%20la%20famille\/story.html\" target=\"_blank\" rel=\"noopener\">Qmentum et l&#8217;engagement pour des soins centr\u00e9s sur l&#8217;usager et la famille (SCUF)<\/a> (vid\u00e9o)<br \/>\n<a href=\"https:\/\/accreditation.ca\/ca-fr\/distinction\/\" target=\"_blank\" rel=\"noopener\">Programme <em>Distinction &#8211; Services aux victimes d&#8217;AVC<\/em><\/a><\/p>\n<\/div>\n","protected":false},"excerpt":{"rendered":"<p>L&#8217;agr\u00e9ment, notre gage de qualit\u00e9 L\u2019agr\u00e9ment des soins de sant\u00e9 est un processus d\u2019\u00e9valuation continue des organismes de soins de sant\u00e9 et de services sociaux par rapport \u00e0 des normes d\u2019excellence pour d\u00e9terminer ce qui fonctionne bien et ce qui doit \u00eatre am\u00e9lior\u00e9. L\u2019agr\u00e9ment importe, car il permet de cr\u00e9er de meilleurs soins de sant\u00e9 [&hellip;]<\/p>\n","protected":false},"author":3,"featured_media":0,"parent":4,"menu_order":0,"comment_status":"open","ping_status":"open","template":"","meta":{"_acf_changed":false,"footnotes":""},"class_list":["post-3639","page","type-page","status-publish","hentry"],"acf":[],"aioseo_notices":[],"_links":{"self":[{"href":"https:\/\/villamedica.ca\/en\/wp-json\/wp\/v2\/pages\/3639","targetHints":{"allow":["GET"]}}],"collection":[{"href":"https:\/\/villamedica.ca\/en\/wp-json\/wp\/v2\/pages"}],"about":[{"href":"https:\/\/villamedica.ca\/en\/wp-json\/wp\/v2\/types\/page"}],"author":[{"embeddable":true,"href":"https:\/\/villamedica.ca\/en\/wp-json\/wp\/v2\/users\/3"}],"replies":[{"embeddable":true,"href":"https:\/\/villamedica.ca\/en\/wp-json\/wp\/v2\/comments?post=3639"}],"version-history":[{"count":5,"href":"https:\/\/villamedica.ca\/en\/wp-json\/wp\/v2\/pages\/3639\/revisions"}],"predecessor-version":[{"id":12115,"href":"https:\/\/villamedica.ca\/en\/wp-json\/wp\/v2\/pages\/3639\/revisions\/12115"}],"up":[{"embeddable":true,"href":"https:\/\/villamedica.ca\/en\/wp-json\/wp\/v2\/pages\/4"}],"wp:attachment":[{"href":"https:\/\/villamedica.ca\/en\/wp-json\/wp\/v2\/media?parent=3639"}],"curies":[{"name":"wp","href":"https:\/\/api.w.org\/{rel}","templated":true}]}}