{"id":403,"date":"2014-04-08T10:59:44","date_gmt":"2014-04-08T14:59:44","guid":{"rendered":"http:\/\/localhost\/vm.zrdev.com\/?page_id=403"},"modified":"2022-05-12T14:34:42","modified_gmt":"2022-05-12T18:34:42","slug":"about-us","status":"publish","type":"page","link":"https:\/\/villamedica.ca\/en\/about-us\/","title":{"rendered":"About Us"},"content":{"rendered":"<h1><span style=\"color:#234469;\">Villa Medica Rehabilitation Hospital<\/span><\/h1>\n<p><strong>Villa Medica Rehabilitation Hospital<\/strong> is a subsidiary of Groupe Sant\u00e9 Sedna, a private Canadian corporation owned by DomusVi. Groupe Sant\u00e9 Sedna was founded in 1992 and has become, over time, the leader in Quebec in the provision of health care and services in partnership with the State. The organization is exclusively dedicated, through its subsidiaries, to the delivery of health care and services, mainly in partnership with the public health sector ( <a href=\"http:\/\/www.groupesedna.ca\/\">www.groupesedna.ca<\/a> ).<\/p>\n<p>Its field of expertise, in the care of the elderly, is expressed through its subsidiaries, which are: Groupe Champlain, Villa Medica, Acc\u00e8s Services Sant\u00e9 and Groupe Sant\u00e9 Valeo. Groupe Sant\u00e9 Sedna is therefore: 18 CHSLDs totaling 1,800 beds, 142 intensive functional rehabilitation beds and a placed workforce corresponding to approximately 800 employees and 159 adapted accommodation beds. <a href=\"http:\/\/villamedica.ca\/wp-content\/uploads\/2014\/04\/organigramme21.jpg\"><img decoding=\"async\" class=\"alignleft size-full wp-image-7262\" src=\"http:\/\/villamedica.ca\/wp-content\/uploads\/2014\/04\/organigramme21.jpg\" alt=\"organigramme21\" width=\"100%\" height=\"100%\" srcset=\"https:\/\/villamedica.ca\/wp-content\/uploads\/2014\/04\/organigramme21.jpg 681w, https:\/\/villamedica.ca\/wp-content\/uploads\/2014\/04\/organigramme21-300x123.jpg 300w\" sizes=\"(max-width: 681px) 100vw, 681px\" \/><\/a><\/p>\n","protected":false},"excerpt":{"rendered":"<p>Villa Medica Rehabilitation Hospital Villa Medica Rehabilitation Hospital is a subsidiary of Groupe Sant\u00e9 Sedna, a private Canadian corporation owned by DomusVi. Groupe Sant\u00e9 Sedna was founded in 1992 and has become, over time, the leader in Quebec in the provision of health care and services in partnership with the State. The organization is exclusively [&hellip;]<\/p>\n","protected":false},"author":2,"featured_media":0,"parent":0,"menu_order":0,"comment_status":"closed","ping_status":"closed","template":"page.php","meta":{"_acf_changed":false,"footnotes":""},"class_list":["post-403","page","type-page","status-publish","hentry"],"acf":[],"aioseo_notices":[],"_links":{"self":[{"href":"https:\/\/villamedica.ca\/en\/wp-json\/wp\/v2\/pages\/403","targetHints":{"allow":["GET"]}}],"collection":[{"href":"https:\/\/villamedica.ca\/en\/wp-json\/wp\/v2\/pages"}],"about":[{"href":"https:\/\/villamedica.ca\/en\/wp-json\/wp\/v2\/types\/page"}],"author":[{"embeddable":true,"href":"https:\/\/villamedica.ca\/en\/wp-json\/wp\/v2\/users\/2"}],"replies":[{"embeddable":true,"href":"https:\/\/villamedica.ca\/en\/wp-json\/wp\/v2\/comments?post=403"}],"version-history":[{"count":2,"href":"https:\/\/villamedica.ca\/en\/wp-json\/wp\/v2\/pages\/403\/revisions"}],"predecessor-version":[{"id":7803,"href":"https:\/\/villamedica.ca\/en\/wp-json\/wp\/v2\/pages\/403\/revisions\/7803"}],"wp:attachment":[{"href":"https:\/\/villamedica.ca\/en\/wp-json\/wp\/v2\/media?parent=403"}],"curies":[{"name":"wp","href":"https:\/\/api.w.org\/{rel}","templated":true}]}}