{"id":405,"date":"2014-04-08T11:11:44","date_gmt":"2014-04-08T15:11:44","guid":{"rendered":"http:\/\/localhost\/vm.zrdev.com\/?page_id=405"},"modified":"2022-05-12T14:38:50","modified_gmt":"2022-05-12T18:38:50","slug":"planetree-approach","status":"publish","type":"page","link":"https:\/\/villamedica.ca\/en\/about-us\/planetree-approach\/","title":{"rendered":"Model Planetree"},"content":{"rendered":"<p>[vc_row][vc_column][vc_column_text]<\/p>\n<p>\nDepuis 2012, l\u2019H\u00f4pital de r\u00e9adaptation Villa Medica souscrit \u00e0 une d\u00e9marche d\u2019implantation du mod\u00e8le Planetree. Le mod\u00e8le Planetree sous-tend une philosophie humaine o\u00f9 la richesse d\u2019une communaut\u00e9 de pratiques qui partage des id\u00e9es modulables \u00e0 la r\u00e9alit\u00e9 de chacun permet de s\u2019enrichir mutuellement, d\u2019\u00e9voluer et d\u2019innover continuellement afin d\u2019offrir des soins et des services de qualit\u00e9 personnalis\u00e9s, chaleureux et qui r\u00e9pondent aux besoins de la client\u00e8le.\n<p><\/p>\n\n<div class=\"wp-block-image\">\n<figure class=\"alignright\"><a href=\"https:\/\/villamedica.ca\/wp-content\/uploads\/2022\/05\/Certification_FR_Or.png\"><img loading=\"lazy\" decoding=\"async\" class=\"alignright wp-image-7800 size-medium\" src=\"https:\/\/villamedica.ca\/wp-content\/uploads\/2022\/05\/Certification_FR_Or-196x300.png\" alt=\"\" width=\"196\" height=\"300\" srcset=\"https:\/\/villamedica.ca\/wp-content\/uploads\/2022\/05\/Certification_FR_Or-196x300.png 196w, https:\/\/villamedica.ca\/wp-content\/uploads\/2022\/05\/Certification_FR_Or-667x1024.png 667w, https:\/\/villamedica.ca\/wp-content\/uploads\/2022\/05\/Certification_FR_Or-768x1178.png 768w, https:\/\/villamedica.ca\/wp-content\/uploads\/2022\/05\/Certification_FR_Or-1001x1536.png 1001w, https:\/\/villamedica.ca\/wp-content\/uploads\/2022\/05\/Certification_FR_Or.png 1185w\" sizes=\"auto, (max-width: 196px) 100vw, 196px\" \/><\/a>\n<figcaption><a href=\"https:\/\/villamedica.ca\/en\/certification-or\/\">In 2002, R\u00e9seau Planetree Qu\u00e9bec awarded Gold recognition to Villa Medica (click to read news)<\/a><\/figcaption>\n<\/figure>\n<\/div>\n<p>\nConcr\u00e8tement, l\u2019H\u00f4pital de r\u00e9adaptation Villa Medica, dans son processus d\u2019am\u00e9lioration, tente de personnaliser et d\u2019humaniser chacune de ses actions afin de favoriser le bien-\u00eatre de l\u2019ensemble des usagers et du personnel. Dans la poursuite d\u2019innovation, d\u2019ouverture et de partage, les initiatives mises de l\u2019avant doivent s\u2019inscrire en concordance avec les composantes Planetree, qui sont de :\n<p><\/p>\n\n<ul class=\"list-reset-disc wp-block-list\">\n<li>Value human interactions<\/li>\n<li>Include loved ones<\/li>\n<li>Share information<\/li>\n<li>Humanize the physical environment<\/li>\n<li>Stimulate through food<\/li>\n<li>Journey through the arts<\/li>\n<li>Support the quest for meaning<\/li>\n<li>Communicate by touch<\/li>\n<li>Be open to complementary therapies<\/li>\n<li>Join the community<\/li>\n<\/ul>\n<p>\nPour en savoir davantage sur le mod\u00e8le Planetree, <a title=\"R&#xE9;seau Planetree Qu&#xE9;bec\" href=\"http:\/\/reseauplanetree.org\/\" target=\"_blank\" rel=\"noopener\">cliquez ici<\/a>.\n<p>&nbsp;<\/p>\n<p>[\/vc_column_text][\/vc_column][\/vc_row]<\/p>\n","protected":false},"excerpt":{"rendered":"<p>[vc_row][vc_column][vc_column_text] Depuis 2012, l\u2019H\u00f4pital de r\u00e9adaptation Villa Medica souscrit \u00e0 une d\u00e9marche d\u2019implantation du mod\u00e8le Planetree. Le mod\u00e8le Planetree sous-tend une philosophie humaine o\u00f9 la richesse d\u2019une communaut\u00e9 de pratiques qui partage des id\u00e9es modulables \u00e0 la r\u00e9alit\u00e9 de chacun permet de s\u2019enrichir mutuellement, d\u2019\u00e9voluer et d\u2019innover continuellement afin d\u2019offrir des soins et des services [&hellip;]<\/p>\n","protected":false},"author":2,"featured_media":0,"parent":403,"menu_order":0,"comment_status":"open","ping_status":"open","template":"page2.php","meta":{"_acf_changed":false,"footnotes":""},"class_list":["post-405","page","type-page","status-publish","hentry"],"acf":[],"aioseo_notices":[],"_links":{"self":[{"href":"https:\/\/villamedica.ca\/en\/wp-json\/wp\/v2\/pages\/405","targetHints":{"allow":["GET"]}}],"collection":[{"href":"https:\/\/villamedica.ca\/en\/wp-json\/wp\/v2\/pages"}],"about":[{"href":"https:\/\/villamedica.ca\/en\/wp-json\/wp\/v2\/types\/page"}],"author":[{"embeddable":true,"href":"https:\/\/villamedica.ca\/en\/wp-json\/wp\/v2\/users\/2"}],"replies":[{"embeddable":true,"href":"https:\/\/villamedica.ca\/en\/wp-json\/wp\/v2\/comments?post=405"}],"version-history":[{"count":5,"href":"https:\/\/villamedica.ca\/en\/wp-json\/wp\/v2\/pages\/405\/revisions"}],"predecessor-version":[{"id":7971,"href":"https:\/\/villamedica.ca\/en\/wp-json\/wp\/v2\/pages\/405\/revisions\/7971"}],"up":[{"embeddable":true,"href":"https:\/\/villamedica.ca\/en\/wp-json\/wp\/v2\/pages\/403"}],"wp:attachment":[{"href":"https:\/\/villamedica.ca\/en\/wp-json\/wp\/v2\/media?parent=405"}],"curies":[{"name":"wp","href":"https:\/\/api.w.org\/{rel}","templated":true}]}}