{"id":417,"date":"2014-03-31T13:28:35","date_gmt":"2014-03-31T17:28:35","guid":{"rendered":"http:\/\/localhost\/vm.zrdev.com\/?page_id=417"},"modified":"2017-09-06T15:26:24","modified_gmt":"2017-09-06T19:26:24","slug":"mission-vision-valeurs","status":"publish","type":"page","link":"https:\/\/villamedica.ca\/en\/about-us\/mission-vision-valeurs\/","title":{"rendered":"Mission \/ Vision \/ Valeurs"},"content":{"rendered":"<h2>Mission<\/h2>\n<p>S&#8217;engager \u00e0 faire \u00e9quipe avec la personne et ses proches afin qu&#8217;elle d\u00e9veloppe son plein potentiel, en offrant des soins et services sp\u00e9cialis\u00e9s de r\u00e9adaptation intensive.<\/p>\n<h2>Vision<\/h2>\n<p>\u00catre une r\u00e9f\u00e9rence incontournable en r\u00e9adaptation pour notre approche humaine, notre caract\u00e8re innovant et notre performance.<\/p>\n<h2>Valeurs<\/h2>\n<ul class='list-reset-disc'>\n<li><strong><strong>QUALIT\u00c9 <\/strong><\/strong>Offrir des soins et des services ayant l\u2019aptitude \u00e0 satisfaire de mani\u00e8re continue les besoins et les attentes des client\u00e8les.<\/li>\n<li><b>BIENVEILLANCE <\/b>\u00catre \u00e0 l\u2019\u00e9coute de la personne en l\u2019accueillant et en la consid\u00e9rant tant dans son individualit\u00e9 que dans sa globalit\u00e9 pour assurer son bien-\u00eatre et encourager son autod\u00e9termination.<\/li>\n<li><b>INT\u00c9GRIT\u00c9 <\/b>Faire preuve d\u2019engagement et de transparence quant \u00e0 sa contribution dans l\u2019actualisation de la mission et, dans un souci de qualit\u00e9, se responsabiliser \u00e0 l\u2019\u00e9gard des actions \u00e0 r\u00e9aliser.<\/li>\n<li><b>COOP\u00c9RATION <\/b>Partager et mettre en commun les comp\u00e9tences, les connaissances et le potentiel de chaque personne et partenaire pour innover et faire ensemble.<\/li>\n<\/ul>\n","protected":false},"excerpt":{"rendered":"<p>Mission S&#8217;engager \u00e0 faire \u00e9quipe avec la personne et ses proches afin qu&#8217;elle d\u00e9veloppe son plein potentiel, en offrant des soins et services sp\u00e9cialis\u00e9s de r\u00e9adaptation intensive. Vision \u00catre une r\u00e9f\u00e9rence incontournable en r\u00e9adaptation pour notre approche humaine, notre caract\u00e8re innovant et notre performance. Valeurs QUALIT\u00c9 Offrir des soins et des services ayant l\u2019aptitude \u00e0 [&hellip;]<\/p>\n","protected":false},"author":2,"featured_media":0,"parent":403,"menu_order":0,"comment_status":"open","ping_status":"open","template":"page2.php","meta":{"_acf_changed":false,"footnotes":""},"class_list":["post-417","page","type-page","status-publish","hentry"],"acf":[],"aioseo_notices":[],"_links":{"self":[{"href":"https:\/\/villamedica.ca\/en\/wp-json\/wp\/v2\/pages\/417","targetHints":{"allow":["GET"]}}],"collection":[{"href":"https:\/\/villamedica.ca\/en\/wp-json\/wp\/v2\/pages"}],"about":[{"href":"https:\/\/villamedica.ca\/en\/wp-json\/wp\/v2\/types\/page"}],"author":[{"embeddable":true,"href":"https:\/\/villamedica.ca\/en\/wp-json\/wp\/v2\/users\/2"}],"replies":[{"embeddable":true,"href":"https:\/\/villamedica.ca\/en\/wp-json\/wp\/v2\/comments?post=417"}],"version-history":[{"count":5,"href":"https:\/\/villamedica.ca\/en\/wp-json\/wp\/v2\/pages\/417\/revisions"}],"predecessor-version":[{"id":3321,"href":"https:\/\/villamedica.ca\/en\/wp-json\/wp\/v2\/pages\/417\/revisions\/3321"}],"up":[{"embeddable":true,"href":"https:\/\/villamedica.ca\/en\/wp-json\/wp\/v2\/pages\/403"}],"wp:attachment":[{"href":"https:\/\/villamedica.ca\/en\/wp-json\/wp\/v2\/media?parent=417"}],"curies":[{"name":"wp","href":"https:\/\/api.w.org\/{rel}","templated":true}]}}