{"id":450,"date":"2014-04-08T11:21:28","date_gmt":"2014-04-08T15:21:28","guid":{"rendered":"http:\/\/localhost\/vm.zrdev.com\/?page_id=450"},"modified":"2022-05-12T14:34:43","modified_gmt":"2022-05-12T18:34:43","slug":"awards-and-distinctions","status":"publish","type":"page","link":"https:\/\/villamedica.ca\/en\/awards-and-distinctions\/","title":{"rendered":"Awards and mentions"},"content":{"rendered":"<h3>DECEMBER 2020<\/h3>\n<p>Villa Medica is accredited with honorable mention in <a href=\"https:\/\/villamedica.ca\/en\/accreditation-with-honorable-mention\/\" target=\"_blank\" rel=\"noopener\">Accreditation Canada&#8217;s<\/a> Qmentum program.<\/p>\n<h3>APRIL 2018<\/h3>\n<p>Villa Medica obtains recognition from Accreditation Canada in April 2018 for its Distinction Program \u2013 Services for stroke victims<\/p>\n<h3>JANUARY 2018<\/h3>\n<p>Recipients of the 2017 Gr\u00e9goire Scholarship ( <a href=\"https:\/\/villamedica.ca\/en\/bourse-gregoire-2017\/\">read news<\/a> )<\/p>\n<p>Bernadette Nedelec honored by the American Occupational Therapy Foundation ( <a href=\"https:\/\/villamedica.ca\/en\/bernadette-nedelec-honoree-par-par-lamerican-occupational-therapy-foundation\/\">read news<\/a> )<\/p>\n<h3>NOVEMBER 2017<\/h3>\n<p>The ACMQ awards Villa Medica 3rd place in the &#8220;Innovation&#8221; prize at the 2017 Recognition Awards ( <a href=\"https:\/\/villamedica.ca\/en\/lacmq-remet-a-villa-medica-la-3e-place-du-prix-innovation-des-prix-reconnaissance-2017\/\">read news<\/a> )<\/p>\n<h3>OCTOBER 2017<\/h3>\n<p>Heart &amp; Stroke honors Dr. Louise-H\u00e9l\u00e8ne Lebrun ( <a href=\"https:\/\/villamedica.ca\/en\/coeur-avc-honore-dre-louise-helene-lebrun\/\">read news<\/a> )<\/p>\n<p>The Professional Order of Physiotherapy of Quebec awards the Prix Excellence 2017 to Villa Medica ( <a href=\"https:\/\/villamedica.ca\/en\/oppq-decerne-le-prix-excellence-2017-a-villa-medica\/\">read news<\/a> )<\/p>\n<h3>JULY 2017<\/h3>\n<p>Benjamin Gagnon-Chainey, physiotherapist, receives the prestigious Vanier and Trudeau scholarships ( <a href=\"https:\/\/villamedica.ca\/en\/benjamin-gagnon-chainey-recipiendaire-des-prestigieuses-bourses-vanier-et-trudeau\/\">read news<\/a> )<\/p>\n<h3>MAY 2017<\/h3>\n<p>R\u00e9seau Planetree Qu\u00e9bec awards Silver recognition to Villa Medica ( <a href=\"https:\/\/villamedica.ca\/en\/reseau-planetree-quebec-decerne-la-reconnaissance-argent-a-lhopital-de-readaptation-villa-medica\/\">read news<\/a> )<\/p>\n<p>Annick Chouinard, physiotherapist, has been named president of the Occupational Therapy and Physiotherapy Interest Group (OT\/PT SIG) of the American Burn Association (ABA) for 2018 ( <a href=\"https:\/\/villamedica.ca\/en\/annick-chouinard-nommee-presidente-a-lamerican-burn-association\/\" target=\"_blank\" rel=\"noopener\">read news<\/a> ).<\/p>\n<h3>OCTOBER 2016<\/h3>\n<p>Villa Medica receives honorable mention from Accreditation Canada&#8217;s Qmentum program ( <a href=\"https:\/\/villamedica.ca\/en\/villa-medica-lhopital-de-readaptation-villa-medica-recoit-la-mention-dhonneur-du-programme-qmentum-dagrement-canada\/\" target=\"_blank\" rel=\"noopener\">read news<\/a> ).<\/p>\n<h3>NOVEMBER 2015<\/h3>\n<p>Villa Medica&#8217;s candidacy was selected for the Health and Social Services Network Excellence Awards ( <a href=\"https:\/\/villamedica.ca\/en\/candidature-de-villa-medica-retenue-aux-prix-dexcellence-du-reseau-de-la-sante-et-des-services-sociaux\/\">read news<\/a> ).<\/p>\n<h3>MAY 2015<\/h3>\n<p>Mesdames Val\u00e9rie Calva, Alissa Carter, Marie-Andr\u00e9e Couture, \u00c9lisabeth Godbout, Chantale Poulin and Genevi\u00e8ve Schneider, occupational therapists in the severe burns program, receive the 2014 Ginette-Th\u00e9or\u00eat prize awarded by the Ordre des ergoth\u00e9rapeutes du Qu\u00e9bec ( <a href=\"https:\/\/villamedica.ca\/en\/des-ergotherapeutes-de-villa-medica-remportent-le-prix-ginette-theoret-2\/\">read news<\/a> ).<\/p>\n<h3>DECEMBER 2014<\/h3>\n<p>The <a href=\"http:\/\/theatreaphasique.org\/\" target=\"_blank\" rel=\"noopener\">Th\u00e9\u00e2tre Aphasique<\/a> wins the Prix Cr\u00e9ation Mon R\u00eave ( <a title=\"Le Th\u00e9\u00e2tre Aphasique remporte le Prix Cr\u00e9ation Mon R\u00eave\" href=\"https:\/\/villamedica.ca\/en\/le-theatre-aphasique-remporte-le-prix-creation-mon-reve-2\/\">read news<\/a> ).<\/p>\n<h3>MAY 2014<\/h3>\n<p><span style=\"color: #2d2d2d;\">Ms. Bernadette Nedelec, researcher in the burns program at Villa Medica, won the 2013 Mention of Excellence awarded by the Ordre des ergoth\u00e9rapeutes du Qu\u00e9bec ( <a title=\"Bernadette Nedelec laur\u00e9ate de la Mention d\u2019excellence 2013 de l\u2019Ordre des ergoth\u00e9rapeutes du Qu\u00e9bec\" href=\"https:\/\/villamedica.ca\/en\/bernadette-nedelec-laureate-mention-dexcellence-2013-lordre-ergotherapeutes-du-quebec\/\">read news<\/a> ).<\/span><\/p>\n<h3>APRIL 2014<\/h3>\n<p>Ikram Methqal, neurospychologist at Villa Medica is selected to present the scientific article \u201c <em>Age-related brain changes sustain distinct compensatory mechanisms for maintaining performance during semantic categorization task\u201d<\/em> at the <a href=\"http:\/\/wcbbe2014.com\/ingles\/index.php\" target=\"_blank\" rel=\"noopener\">World Congress on Brain, Behavior and Emotions 2014<\/a> .<\/p>\n<h3>MARCH 2014<\/h3>\n<p>Villa Medica becomes the first French-speaking institution in Canada to comply with the requirements of the Distinction &#8211; Stroke Services program of Accreditation Canada ( <a href=\"https:\/\/villamedica.ca\/en\/villa-medica-obtient-une-distinction-exceptionnelle-pour-ses-services-aux-victimes-davc\/\">read news<\/a> ).<\/p>\n<h3>OCTOBER 2013<\/h3>\n<p>Bruno Ollivry and the driving team won <sup>1st<\/sup> place at the 2013 Innovation Prize of the <a href=\"http:\/\/www.a-cm-q.com\/_sections\/18682\" target=\"_blank\" rel=\"noopener\">Association of Multidisciplinary Councils of Quebec (ACMQ)<\/a> for the project &#8221; <i>Villa Medica Rehabilitation Hospital Driving Program: Early Intervention and Phase evaluation and training in 2nd line<\/i> &#8220;.<\/p>\n<p>Villa Medica&#8217;s severe burn program team won 3rd place for the 2013 Radiation Award from the <a href=\"http:\/\/www.a-cm-q.com\/accueil\" target=\"_blank\" rel=\"noopener\">Association of Multidisciplinary Councils of Quebec (ACMQ)<\/a> <sup>for<\/sup> the project &#8221; <i>New clinical approach in the sensory rehabilitation of neuropathic pain in patients Great Burns<\/i> &#8221;<\/p>\n<h3>SEPTEMBER 2013<\/h3>\n<p><a href=\"http:\/\/theatreaphasique.org\/\" target=\"_blank\" rel=\"noopener\">Th\u00e9\u00e2tre Aphasique<\/a> receives the Special Jury Prize at the Mont-Laurier International Theater Festival for the performance of its show <i>Jeux, sc\u00e8ne et d\u00e9lire<\/i> .<\/p>\n<h3>JULY 2013<\/h3>\n<p>Annick Chouinard, a physiotherapist at Villa Medica, sits on the <a href=\"http:\/\/www.ameriburn.org\/\" target=\"_blank\" rel=\"noopener\">American Burn Association (ABA)<\/a> rehabilitation committee for a three-year term.<\/p>\n<h3>MAY 2013<\/h3>\n<p>Carolle Lavall\u00e9e, physiotherapist at Villa Medica, receives the <a href=\"http:\/\/www.readap.umontreal.ca\/formation-en-physiotherapie\/prix-et-mentions\/\" target=\"_blank\" rel=\"noopener\">2012-2013 Atlas Prize for Excellence in Physiotherapy Teaching<\/a> from the School of Rehabilitation at the University of Montreal.<\/p>\n<h3>APRIL 2013<\/h3>\n<p>Two posters created by the Villa Medica burn program team are displayed at the <a href=\"http:\/\/www.ameriburn.org\/\" target=\"_blank\" rel=\"noopener\">American Burn Association (ABA)<\/a> annual convention in Palm Beach.<\/p>\n<h3>OCTOBER 2012<\/h3>\n<p>Villa Medica is Accredited with Honors <a href=\"http:\/\/www.accreditation.ca\/fr\" target=\"_blank\" rel=\"noopener\">in Accreditation Canada&#8217;s<\/a> Qmentum program.<\/p>\n<h3>MAY 2012<\/h3>\n<p>Dr. L\u00e9o Lasalle, an expert in the treatment of victims of serious burns, wins the <a href=\"http:\/\/www.lapresse.ca\/actualites\/regional\/personnalites-la-presse\/201205\/15\/01-4525507-dr-leo-lasalle.php\" target=\"_blank\" rel=\"noopener\">2012 Volunteer of the Year award at the Gens de c\u0153ur competition.<\/a><\/p>\n<p>&nbsp;<\/p>\n<p>&nbsp;<\/p>\n","protected":false},"excerpt":{"rendered":"<p>DECEMBER 2020 Villa Medica is accredited with honorable mention in Accreditation Canada&#8217;s Qmentum program. APRIL 2018 Villa Medica obtains recognition from Accreditation Canada in April 2018 for its Distinction Program \u2013 Services for stroke victims JANUARY 2018 Recipients of the 2017 Gr\u00e9goire Scholarship ( read news ) Bernadette Nedelec honored by the American Occupational Therapy [&hellip;]<\/p>\n","protected":false},"author":2,"featured_media":0,"parent":0,"menu_order":0,"comment_status":"open","ping_status":"open","template":"page2.php","meta":{"_acf_changed":false,"footnotes":""},"class_list":["post-450","page","type-page","status-publish","hentry"],"acf":[],"aioseo_notices":[],"_links":{"self":[{"href":"https:\/\/villamedica.ca\/en\/wp-json\/wp\/v2\/pages\/450","targetHints":{"allow":["GET"]}}],"collection":[{"href":"https:\/\/villamedica.ca\/en\/wp-json\/wp\/v2\/pages"}],"about":[{"href":"https:\/\/villamedica.ca\/en\/wp-json\/wp\/v2\/types\/page"}],"author":[{"embeddable":true,"href":"https:\/\/villamedica.ca\/en\/wp-json\/wp\/v2\/users\/2"}],"replies":[{"embeddable":true,"href":"https:\/\/villamedica.ca\/en\/wp-json\/wp\/v2\/comments?post=450"}],"version-history":[{"count":5,"href":"https:\/\/villamedica.ca\/en\/wp-json\/wp\/v2\/pages\/450\/revisions"}],"predecessor-version":[{"id":7806,"href":"https:\/\/villamedica.ca\/en\/wp-json\/wp\/v2\/pages\/450\/revisions\/7806"}],"wp:attachment":[{"href":"https:\/\/villamedica.ca\/en\/wp-json\/wp\/v2\/media?parent=450"}],"curies":[{"name":"wp","href":"https:\/\/api.w.org\/{rel}","templated":true}]}}