{"id":5692,"date":"2021-09-01T11:35:12","date_gmt":"2021-09-01T15:35:12","guid":{"rendered":"https:\/\/villamedica.ca\/contact\/relations-medias\/"},"modified":"2026-03-12T11:04:36","modified_gmt":"2026-03-12T15:04:36","slug":"relations-medias","status":"publish","type":"page","link":"https:\/\/villamedica.ca\/en\/contact\/relations-medias\/","title":{"rendered":"Relations m\u00e9dias"},"content":{"rendered":"<p><strong>DIRECTIVES RELATIVES AUX RELATIONS AVEC LES M\u00c9DIAS<\/strong><\/p>\n<p>\u00c0 l\u2019h\u00f4pital de r\u00e9adaptation Villa Medica (HRVM), nous reconnaissons que nous avons la responsabilit\u00e9 de fournir de l\u2019information d\u2019int\u00e9r\u00eat public aux m\u00e9dias d\u2019information. Nous devons toutefois nous assurer de conserver un \u00e9quilibre entre l\u2019int\u00e9r\u00eat des m\u00e9dias et notre responsabilit\u00e9 de prot\u00e9ger le droit \u00e0 la vie priv\u00e9e et la confidentialit\u00e9 des clients, y compris le droit de ne pas \u00eatre interview\u00e9 ou photographi\u00e9 sans consentement \u00e9crit.<\/p>\n<p><strong>LES RELATIONS AVEC LES M\u00c9DIAS SONT R\u00c9GIES PAR LES DIRECTIVES SUIVANTES :<\/strong><\/p>\n<ul class='list-reset-disc'>\n<li>L\u2019h\u00f4pital de r\u00e9adaptation Villa Medica (HRVM) est r\u00e9gi par la loi sur la protection des renseignements personnels. C\u2019est la raison pour laquelle tous les membres des m\u00e9dias doivent aviser le responsable des communications de l\u2019h\u00f4pital de r\u00e9adaptation Villa Medica (HRVM) avant d\u2019effectuer une entrevue avec un r\u00e9sident ou un membre du personnel, peu importe ses fonctions. Les membres des m\u00e9dias doivent \u00e9galement \u00eatre accompagn\u00e9s d\u2019un repr\u00e9sentant de l\u2019h\u00f4pital de r\u00e9adaptation Villa Medica (HRVM). Les journalistes non accompagn\u00e9s ne seront pas autoris\u00e9s sur les lieux.<\/li>\n<li>Les clients ou les membres de la famille qui sont interview\u00e9s par les m\u00e9dias doivent d\u2019abord signer un formulaire d\u2019autorisation officiel de l\u2019h\u00f4pital de r\u00e9adaptation Villa Medica (HRVM).<\/li>\n<li>M\u00eame si des membres des familles acceptent de parler aux m\u00e9dias, un membre de la direction de l\u2019h\u00f4pital de r\u00e9adaptation Villa Medica (HRVM) doit toujours donner son autorisation lorsque l\u2019entrevue se d\u00e9roule dans son \u00e9tablissement. L\u2019h\u00f4pital de r\u00e9adaptation Villa Medica (HRVM) se r\u00e9serve le droit de refuser les entrevues aux m\u00e9dias pour des raisons m\u00e9dicales ou autres.<\/li>\n<li>L\u2019h\u00f4pital de r\u00e9adaptation Villa Medica (HRVM) ne permet pas aux journalistes de circuler dans des zones o\u00f9 ils risquent de perturber les services aux clients.<\/li>\n<li>Lorsqu\u2019ils utilisent un appareil-photo ou une cam\u00e9ra vid\u00e9o, les journalistes doivent s\u2019assurer que les autres clients et le grand public ne sont pas reconnus ou visibles \u00e0 l\u2019\u00e9cran et qu\u2019aucun dossier m\u00e9dical ou autre renseignement m\u00e9dical n\u2019est enregistr\u00e9.<\/li>\n<li>L\u2019h\u00f4pital de r\u00e9adaptation Villa Medica (HRVM) tentera de fournir des experts sur divers sujets, mais il se peut que ces experts ne soient pas disponibles dans les d\u00e9lais requis. Les membres du personnel ont le droit de refuser des demandes des m\u00e9dias.<\/li>\n<li>Les journalistes doivent identifier les membres du personnel par leur fonction dans les articles li\u00e9s \u00e0 leurs travaux ou leur r\u00f4le.<\/li>\n<li>Les journalistes sont invit\u00e9s \u00e0 utiliser le nom complet de l\u2019\u00e9tablissement lorsqu\u2019ils le d\u00e9signent ou son personnel dans un article \u00e9crit ou \u00e9lectronique.<\/li>\n<li>L\u2019h\u00f4pital de r\u00e9adaptation Villa Medica (HRVM) ne confirmera la pr\u00e9sence d\u2019un r\u00e9sident que si celui-ci ou son plus proche parent l\u2019autorise. Les membres du personnel de l\u2019h\u00f4pital de r\u00e9adaptation Villa Medica (HRVM) ne peuvent passer de commentaires sur un r\u00e9sident donn\u00e9, y compris sur son \u00e9tat de sant\u00e9.<\/li>\n<\/ul>\n<p>Certains clients et leur famille vivent des situations qui peuvent \u00eatre stressantes \u00e0 divers niveaux. La priorit\u00e9 de l\u2019h\u00f4pital de r\u00e9adaptation Villa Medica (HRVM) consiste \u00e0 prodiguer des soins de qualit\u00e9 aux clients et \u00e0 soutenir les familles. Les clients et leur famille ne souhaitent peut-\u00eatre pas la participation des m\u00e9dias. Nous demandons donc \u00e0 ces derniers de respecter leur souhait.<\/p>\n<ul class='list-reset-disc'>\n<li style=\"list-style-type: none;\"><\/li>\n<\/ul>\n<ul class='list-reset-disc'>\n<li style=\"list-style-type: none;\"><\/li>\n<\/ul>\n<ul class='list-reset-disc'>\n<li style=\"list-style-type: none;\"><\/li>\n<\/ul>\n<ul class='list-reset-disc'>\n<li style=\"list-style-type: none;\"><\/li>\n<\/ul>\n<ul class='list-reset-disc'>\n<li style=\"list-style-type: none;\"><\/li>\n<\/ul>\n<ul class='list-reset-disc'>\n<li style=\"list-style-type: none;\"><\/li>\n<\/ul>\n<ul class='list-reset-disc'>\n<li style=\"list-style-type: none;\"><\/li>\n<\/ul>\n<p>Pour nous joindre :<\/p>\n<p><strong>Annie Gauthier<br \/>\n<\/strong><strong><span data-olk-copy-source=\"MessageBody\">Directrice des communications et des relations publiques<br \/>\n<\/span><\/strong>Courriel : annie.gauthier@groupesedna.ca<\/p>\n","protected":false},"excerpt":{"rendered":"<p>DIRECTIVES RELATIVES AUX RELATIONS AVEC LES M\u00c9DIAS \u00c0 l\u2019h\u00f4pital de r\u00e9adaptation Villa Medica (HRVM), nous reconnaissons que nous avons la responsabilit\u00e9 de fournir de l\u2019information d\u2019int\u00e9r\u00eat public aux m\u00e9dias d\u2019information. Nous devons toutefois nous assurer de conserver un \u00e9quilibre entre l\u2019int\u00e9r\u00eat des m\u00e9dias et notre responsabilit\u00e9 de prot\u00e9ger le droit \u00e0 la vie priv\u00e9e et [&hellip;]<\/p>\n","protected":false},"author":3,"featured_media":0,"parent":431,"menu_order":0,"comment_status":"closed","ping_status":"closed","template":"","meta":{"_acf_changed":false,"footnotes":""},"class_list":["post-5692","page","type-page","status-publish","hentry"],"acf":[],"aioseo_notices":[],"_links":{"self":[{"href":"https:\/\/villamedica.ca\/en\/wp-json\/wp\/v2\/pages\/5692","targetHints":{"allow":["GET"]}}],"collection":[{"href":"https:\/\/villamedica.ca\/en\/wp-json\/wp\/v2\/pages"}],"about":[{"href":"https:\/\/villamedica.ca\/en\/wp-json\/wp\/v2\/types\/page"}],"author":[{"embeddable":true,"href":"https:\/\/villamedica.ca\/en\/wp-json\/wp\/v2\/users\/3"}],"replies":[{"embeddable":true,"href":"https:\/\/villamedica.ca\/en\/wp-json\/wp\/v2\/comments?post=5692"}],"version-history":[{"count":6,"href":"https:\/\/villamedica.ca\/en\/wp-json\/wp\/v2\/pages\/5692\/revisions"}],"predecessor-version":[{"id":12260,"href":"https:\/\/villamedica.ca\/en\/wp-json\/wp\/v2\/pages\/5692\/revisions\/12260"}],"up":[{"embeddable":true,"href":"https:\/\/villamedica.ca\/en\/wp-json\/wp\/v2\/pages\/431"}],"wp:attachment":[{"href":"https:\/\/villamedica.ca\/en\/wp-json\/wp\/v2\/media?parent=5692"}],"curies":[{"name":"wp","href":"https:\/\/api.w.org\/{rel}","templated":true}]}}