{"id":7827,"date":"2022-05-12T14:34:52","date_gmt":"2022-05-12T18:34:52","guid":{"rendered":"https:\/\/villamedica.ca\/useful-links\/"},"modified":"2022-05-12T14:35:09","modified_gmt":"2022-05-12T18:35:09","slug":"useful-links","status":"publish","type":"page","link":"https:\/\/villamedica.ca\/en\/useful-links\/","title":{"rendered":"Useful links"},"content":{"rendered":"<h2>Food<\/h2>\n<p>Canadian beef <a href=\"http:\/\/www.boeufinfo.org\/\">http:\/\/www.boeufinfo.org\/<\/a><\/p>\n<p>Nutrition Advice.TV <a href=\"http:\/\/www.conseilsnutrition.tv\/\">http:\/\/www.advicenutrition.tv\/<\/a><\/p>\n<p>Diabetes Quebec <a href=\"http:\/\/www.diabete.qc.ca\/\">http:\/\/www.diabete.qc.ca\/<\/a><\/p>\n<p>Dairy Goodness <a href=\"http:\/\/www.plaisirslaitiers.ca\/\">http:\/\/www.dairygoodness.ca\/<\/a><\/p>\n<p>SOS Kitchen <a href=\"http:\/\/www.soscuisine.com\/\">http:\/\/www.soscuisine.com<\/a><strong> <\/strong><\/p>\n<p>&nbsp;<\/p>\n<h2>Associations and groups<\/h2>\n<p>Canadian Mental Health Association <a href=\"http:\/\/www.cmha.ca\/fr\/\">http:\/\/www.cmha.ca\/en\/<\/a><\/p>\n<p>Association of Private Institutions under Agreement (AEPC) <a href=\"http:\/\/www.aepc.qc.ca\/\">http:\/\/www.aepc.qc.ca\/<\/a><\/p>\n<p>Aphasia International Association (in many languages) <a href=\"http:\/\/aphasia-international.com\/\">http:\/\/aphasia-international.com\/<\/a><\/p>\n<p>Quebec Association of Workers with Amputees (AQIPA)h <a href=\"http:\/\/www.aqipa.org\/default.aspx\">ttp:\/\/www.aqipa.org\/default.aspx<\/a><\/p>\n<p>Quebec Association of Aphasic Persons <a href=\"http:\/\/www.aphasie.ca\/1\/accueil\/fr\">http:\/\/www.aphasie.ca\/1\/accueil\/fr<\/a><\/p>\n<p>Provincial grouping of user committees <a href=\"http:\/\/www.rpcu.qc.ca\/\">http:\/\/www.rpcu.qc.ca\/<\/a><\/p>\n<p>Regrouping of associations of people with aphasia in Quebec (RAPAQ) <a href=\"http:\/\/www.aphasiequebec.org\/\">http:\/\/www.aphasiequebec.org\/<\/a><\/p>\n<p>&nbsp;<\/p>\n<h2>Hospital centers<\/h2>\n<p>University of Montreal Hospital Center (CHUM) <a href=\"http:\/\/www.chumontreal.qc.ca\/\">http:\/\/www.chumontreal.qc.ca\/<\/a><\/p>\n<p>Richardson Hospital Center <a href=\"http:\/\/www.cssscavendish.qc.ca\/nos-points-de-service\/hopital-richardson\/\">http:\/\/www.cssscavendish.qc.ca\/nos-points-de-service\/hopital-richardson\/<\/a><\/p>\n<p>McGill University Health Center <a href=\"https:\/\/cusm.ca\/\">https:\/\/muhc.ca\/<\/a><\/p>\n<p>Catherine-Booth Hospital <a href=\"http:\/\/www.cssscavendish.qc.ca\/nos-points-de-service\/hopital-catherine-booth\/\">http:\/\/www.cssscavendish.qc.ca\/nos-points-de-service\/hopital-catherine-booth\/<\/a><\/p>\n<p>Marie-Clarac Hospital <a href=\"http:\/\/www.hopitalmarie-clarac.qc.ca\/\">http:\/\/www.hopitalmarie-clarac.qc.ca\/<\/a><\/p>\n<p>Montreal Neurological Hospital <a href=\"http:\/\/francais.mni.mcgill.ca\/\">http:\/\/english.mni.mcgill.ca\/<\/a><\/p>\n<p>Montreal Heart Institute <a href=\"https:\/\/www.icm-mhi.org\/\">https:\/\/www.icm-mhi.org\/<\/a><\/p>\n<p>&nbsp;<\/p>\n<h2>CSSS<\/h2>\n<p>CSSS Cavendish <a href=\"http:\/\/www.cssscavendish.qc.ca\/\">http:\/\/www.cssscavendish.qc.ca\/<\/a><\/p>\n<p>CSSS of Ahuntsic and Montreal-North <a href=\"http:\/\/www.csssamn.ca\/\">http:\/\/www.csssamn.ca\/<\/a><\/p>\n<p>Bordeaux-Cartierville-St-Laurent CSSS <a href=\"http:\/\/www.csssbcstl.qc.ca\/\">http:\/\/www.csssbcstl.qc.ca\/<\/a><\/p>\n<p>Dorval-Lachine-LaSalle CSSS <a href=\"http:\/\/www.csssdll.qc.ca\/\">http:\/\/www.csssdll.qc.ca\/<\/a><\/p>\n<p>West Island CSSS <a href=\"http:\/\/www.csssouestdelile.qc.ca\/\">http:\/\/www.csssouestdelile.qc.ca\/<\/a><\/p>\n<p>Mountain CSSS <a href=\"http:\/\/www.csssdelamontagne.qc.ca\/\">http:\/\/www.csssdelamontagne.qc.ca\/<\/a><\/p>\n<p>CSSS de la Pointe-de-l&#8217;\u00cele <a href=\"http:\/\/www.cssspointe.ca\/\">http:\/\/www.cssspointe.ca\/<\/a><\/p>\n<p>CSSS of St-L\u00e9onard and St-Michel <a href=\"http:\/\/csss-stleonardstmichel.qc.ca\/\">http:\/\/csss-stleonardstmichel.qc.ca\/<\/a><\/p>\n<p>CSSS du Coeur-de-l&#8217;\u00cele <a href=\"http:\/\/www.cssscoeurdelile.ca\/\">http:\/\/www.cssscoeurdelile.ca\/<\/a><\/p>\n<p>CSSS du Sud-Ouest-Verdun <a href=\"http:\/\/www.sov.qc.ca\/\">http:\/\/www.sov.qc.ca\/<\/a><\/p>\n<p>CSSS Jeanne-Mance <a href=\"http:\/\/www.csssjeannemance.ca\/\">http:\/\/www.csssjeannemance.ca\/<\/a><\/p>\n<p>CSSS Lucille-Teasdale <a href=\"http:\/\/www.cssslucilleteasdale.qc.ca\/\">http:\/\/www.cssslucilleteasdale.qc.ca\/<\/a><\/p>\n<p>&nbsp;<\/p>\n<h2>Educational institutions<\/h2>\n<p>Cegep of Old Montreal <a href=\"http:\/\/www.cvm.qc.ca\/\">http:\/\/www.cvm.qc.ca<\/a><\/p>\n<p>Faubourgs-de-Montr\u00e9al Trades School <a href=\"http:\/\/ecole-metiers-faubourgs.csdm.ca\/\">http:\/\/ecole-metiers-faubourgs.csdm.ca\/<\/a><\/p>\n<p>School of Higher Technology <a href=\"http:\/\/www.etsmtl.ca\/\">http:\/\/www.etsmtl.ca\/<\/a><\/p>\n<p>Laval University <a href=\"http:\/\/www2.ulaval.ca\/accueil.html\">http:\/\/www2.ulaval.ca\/accueil.html<\/a><\/p>\n<p>McGill University <a href=\"http:\/\/www.mcgill.ca\/fr\/\">http:\/\/www.mcgill.ca\/\/en\/<\/a><\/p>\n<p>University of Montreal <a href=\"http:\/\/www.umontreal.ca\/\">http:\/\/www.umontreal.ca\/<\/a><\/p>\n<p>&nbsp;<\/p>\n<h2>Accommodation<\/h2>\n<p>Dor\u00e9 Accommodation Agency <a href=\"http:\/\/www.agencedore.com\/\">http:\/\/www.agencedore.com\/<\/a><\/p>\n<p>Orientation of the elderly Accommodation Quebec (OPAHQ) <a href=\"http:\/\/opahq.com\/\">http:\/\/opahq.com\/<\/a><\/p>\n<p>Visavie <a href=\"http:\/\/visavie.com\/fr\/\">http:\/\/visavie.com\/fr\/<\/a><\/p>\n<p>&nbsp;<\/p>\n<h2>Community organizations and services<\/h2>\n<p>Aphasia Corner <a href=\"http:\/\/www.aphasiacorner.com\">www.aphasiacorner.com<\/a><\/p>\n<p>Greater Montreal Reference Center <a href=\"http:\/\/www.info-reference.qc.ca\">http:\/\/www.info-reference.qc.ca<\/a><\/p>\n<p>Mutual Aid Burns <a href=\"http:\/\/www.entraidegb.org\/\">http:\/\/www.entraidegb.org\/<\/a><\/p>\n<p>Canadian Liver Foundation <a href=\"http:\/\/www.liver.ca\/fr\/\">http:\/\/www.liver.ca\/en\/<\/a><\/p>\n<p>Heart and Stroke Foundation of Quebec <a href=\"http:\/\/www.fmcoeur.qc.ca\">www.fmcoeur.qc.ca<\/a><\/p>\n<p>Kidney Foundation of Canada <a href=\"http:\/\/kidney.ca\/\">http:\/\/kidney.ca<\/a><\/p>\n<p>Quebec Foundation for Celiac Disease <a href=\"http:\/\/www.fqmc.org\/\">http:\/\/www.fqmc.org\/<\/a><\/p>\n<p>Quebec Cancer Foundation <a href=\"https:\/\/fqc.qc.ca\/\">https:\/\/fqc.qc.ca\/<\/a><\/p>\n<p>Keroul <a href=\"http:\/\/www.keroul.qc.ca\/\">http:\/\/www.keroul.qc.ca\/<\/a><\/p>\n<p>The Accessible Route <a href=\"http:\/\/www.larouteaccessible.com\/\">http:\/\/www.larouteaccessible.com<\/a><\/p>\n<p>Medicus <a href=\"http:\/\/medicus.ca\/\">http:\/\/medicus.ca\/<\/a><\/p>\n<p>Words in the wind <a href=\"http:\/\/www.parolesdanslevent.com\/\">http:\/\/www.parolesdanslevent.com<\/a><\/p>\n<p>PasseportSant\u00e9 <a href=\"http:\/\/www.passeportsante.net\/\">http:\/\/www.passeportsante.net\/<\/a><\/p>\n<p>Planetree Quebec network <a href=\"http:\/\/reseauplanetree.org\/\">http:\/\/reseauplanetree.org\/<\/a><\/p>\n<p>Aphasic Theater <a href=\"http:\/\/theatreaphasique.org\/\">http:\/\/theatreaphasic.org\/<\/a><\/p>\n<p>&nbsp;<\/p>\n<h2>Government agencies<\/h2>\n<p>Occupational Health and Safety Commission (CSST) <a href=\"http:\/\/www.csst.qc.ca\/\">http:\/\/www.csst.qc.ca<\/a><\/p>\n<p>Curateur public du Qu\u00e9bec <a href=\"http:\/\/www.curateur.gouv.qc.ca\/cura\/fr\/\">http:\/\/www.curateur.gouv.qc.ca\/cura\/fr\/<\/a><\/p>\n<p>Ministry of Health and Social Services <a href=\"http:\/\/www.msss.gouv.qc.ca\/\">http:\/\/www.msss.gouv.qc.ca\/<\/a><\/p>\n<p>Office for Disabled Persons of Quebec <a href=\"http:\/\/www.ophq.gouv.qc.ca\/\">http:\/\/www.ophq.gouv.qc.ca\/<\/a><\/p>\n<p>Quebec Health Insurance Board <a href=\"http:\/\/www.ramq.gouv.qc.ca\/fr\/Pages\/accueil.aspx\">http:\/\/www.ramq.gouv.qc.ca\/fr\/Pages\/accueil.aspx<\/a><\/p>\n<p>Health Montreal <a href=\"http:\/\/www.santemontreal.qc.ca\/\">http:\/\/www.santemontreal.qc.ca\/<\/a><\/p>\n<p>Quebec Automobile Insurance Company <a href=\"http:\/\/www.saaq.gouv.qc.ca\/\">http:\/\/www.saaq.gouv.qc.ca\/<\/a><\/p>\n<p>&nbsp;<\/p>\n<h2>Security<\/h2>\n<p>Infochutes \u2013 University Institute of Geriatrics of Montreal <a href=\"http:\/\/www.infochutes.ca\">www.infochutes.ca<\/a><\/p>\n<p>Canadian Patient Safety Institute <a href=\"http:\/\/www.patientsafetyinstitute.ca\/fr\/pages\/default.aspx\" target=\"_blank\" rel=\"noopener\">http:\/\/www.patientsafetyinstitute.ca<\/a><\/p>\n<p>Philips Lifeline <a href=\"http:\/\/www.lifeline.ca\/content\/french\/\">http:\/\/www.lifeline.ca\/content\/english\/<\/a><\/p>\n<h2>Paratransit<\/h2>\n<p>Soci\u00e9t\u00e9 de transport de Montr\u00e9al \u2013 Adapted transport <a href=\"http:\/\/www.stm.info\/fr\/transport-adapte\">http:\/\/www.stm.info\/fr\/transport-adapte<\/a> <strong> <\/strong><\/p>\n","protected":false},"excerpt":{"rendered":"<p>Food Canadian beef http:\/\/www.boeufinfo.org\/ Nutrition Advice.TV http:\/\/www.advicenutrition.tv\/ Diabetes Quebec http:\/\/www.diabete.qc.ca\/ Dairy Goodness http:\/\/www.dairygoodness.ca\/ SOS Kitchen http:\/\/www.soscuisine.com &nbsp; Associations and groups Canadian Mental Health Association http:\/\/www.cmha.ca\/en\/ Association of Private Institutions under Agreement (AEPC) http:\/\/www.aepc.qc.ca\/ Aphasia International Association (in many languages) http:\/\/aphasia-international.com\/ Quebec Association of Workers with Amputees (AQIPA)h ttp:\/\/www.aqipa.org\/default.aspx Quebec Association of Aphasic Persons http:\/\/www.aphasie.ca\/1\/accueil\/fr Provincial [&hellip;]<\/p>\n","protected":false},"author":2,"featured_media":0,"parent":0,"menu_order":0,"comment_status":"open","ping_status":"open","template":"page2.php","meta":{"_acf_changed":false,"footnotes":""},"class_list":["post-7827","page","type-page","status-publish","hentry"],"acf":[],"aioseo_notices":[],"_links":{"self":[{"href":"https:\/\/villamedica.ca\/en\/wp-json\/wp\/v2\/pages\/7827","targetHints":{"allow":["GET"]}}],"collection":[{"href":"https:\/\/villamedica.ca\/en\/wp-json\/wp\/v2\/pages"}],"about":[{"href":"https:\/\/villamedica.ca\/en\/wp-json\/wp\/v2\/types\/page"}],"author":[{"embeddable":true,"href":"https:\/\/villamedica.ca\/en\/wp-json\/wp\/v2\/users\/2"}],"replies":[{"embeddable":true,"href":"https:\/\/villamedica.ca\/en\/wp-json\/wp\/v2\/comments?post=7827"}],"version-history":[{"count":1,"href":"https:\/\/villamedica.ca\/en\/wp-json\/wp\/v2\/pages\/7827\/revisions"}],"predecessor-version":[{"id":7909,"href":"https:\/\/villamedica.ca\/en\/wp-json\/wp\/v2\/pages\/7827\/revisions\/7909"}],"wp:attachment":[{"href":"https:\/\/villamedica.ca\/en\/wp-json\/wp\/v2\/media?parent=7827"}],"curies":[{"name":"wp","href":"https:\/\/api.w.org\/{rel}","templated":true}]}}