{"id":7836,"date":"2022-05-12T14:34:53","date_gmt":"2022-05-12T18:34:53","guid":{"rendered":"https:\/\/villamedica.ca\/2017-quebec-physical-rehabilitation-symposium\/"},"modified":"2022-05-12T14:35:24","modified_gmt":"2022-05-12T18:35:24","slug":"2017-quebec-physical-rehabilitation-symposium","status":"publish","type":"page","link":"https:\/\/villamedica.ca\/en\/2017-quebec-physical-rehabilitation-symposium\/","title":{"rendered":"2017 Quebec Physical Rehabilitation Symposium"},"content":{"rendered":"<p>[vc_row css=&#8221;.vc_custom_1490019556123{margin-bottom: 0px !important;border-bottom-width: 0px !important;padding-bottom: 0px !important;}&#8221; el_class=&#8221;nopad&#8221;][vc_column css=&#8221;.vc_custom_1490019482335{margin-top: 0px !important;margin-bottom: 0px !important;border-top-width: 0px !important;border-bottom-width: 0px !important;padding-top: 0px !important;padding-bottom: 0px !important;}&#8221;]<div class=\"templatera_shortcode\"><div data-vc-full-width=\"true\" data-vc-full-width-init=\"false\" class=\"vc_row wpb_row vc_row-fluid nopad vc_custom_1490019384767 vc_row-has-fill\"><div class=\"wpb_column vc_column_container vc_col-sm-12 vc_col-has-fill\"><div class=\"vc_column-inner vc_custom_1490019097831\"><div class=\"wpb_wrapper\"><div class=\"wpb_revslider_element wpb_content_element nopad\">\n<div id=\"rev_slider_6_1_wrapper\" class=\"rev_slider_wrapper fullwidthbanner-container\" style=\"margin:0px auto;background-color:#fffff;padding:0px;margin-top:0px;margin-bottom:0px;max-height:290px;\">\n<!-- START REVOLUTION SLIDER 4.6.93 fullwidth mode -->\n\t<div id=\"rev_slider_6_1\" class=\"rev_slider fullwidthabanner\" style=\"display:none;max-height:290px;height:290px;\">\n<ul>\t<!-- SLIDE  -->\n\t<li data-transition=\"fade\" data-slotamount=\"7\" data-masterspeed=\"300\"  data-saveperformance=\"off\" >\n\t\t<!-- MAIN IMAGE -->\n\t\t<img decoding=\"async\" src=\"https:\/\/villamedica.ca\/wp-content\/uploads\/2017\/03\/colloqueslide1.jpg\"  alt=\"colloqueslide1\"  data-bgposition=\"center bottom\" data-bgfit=\"cover\" data-bgrepeat=\"no-repeat\">\n\t\t<!-- LAYERS -->\n\n\t\t<!-- LAYER NR. 1 -->\n\t\t<div class=\"tp-caption tp-fade\" \n\t\t\t data-x=\"31\" \n\t\t\t data-y=\"59\"  \n\t\t\tdata-speed=\"300\" \n\t\t\tdata-start=\"500\" \n\t\t\tdata-easing=\"Power3.easeInOut\" \n\t\t\tdata-elementdelay=\"0.1\" \n\t\t\tdata-endelementdelay=\"0.1\" \n\t\t\t data-endspeed=\"300\" \n\n\t\t\tstyle=\"z-index: 5;\"><img decoding=\"async\" src=\"https:\/\/villamedica.ca\/wp-content\/uploads\/2017\/03\/Sans-titre-1.png\" alt=\"\"> \n\t\t<\/div>\n\t<\/li>\n\t<!-- SLIDE  -->\n\t<li data-transition=\"fade\" data-slotamount=\"7\" data-masterspeed=\"300\"  data-saveperformance=\"off\" >\n\t\t<!-- MAIN IMAGE -->\n\t\t<img decoding=\"async\" src=\"https:\/\/villamedica.ca\/wp-content\/uploads\/2017\/04\/colloqueweb2.jpg\"  alt=\"colloqueweb2\"  data-bgposition=\"center bottom\" data-bgfit=\"contain\" data-bgrepeat=\"no-repeat\">\n\t\t<!-- LAYERS -->\n\n\t\t<!-- LAYER NR. 1 -->\n\t\t<div class=\"tp-caption tp-fade\" \n\t\t\t data-x=\"31\" \n\t\t\t data-y=\"59\"  \n\t\t\tdata-speed=\"300\" \n\t\t\tdata-start=\"500\" \n\t\t\tdata-easing=\"Power3.easeInOut\" \n\t\t\tdata-elementdelay=\"0.1\" \n\t\t\tdata-endelementdelay=\"0.1\" \n\t\t\t data-endspeed=\"300\" \n\n\t\t\tstyle=\"z-index: 5;\"><img decoding=\"async\" src=\"https:\/\/villamedica.ca\/wp-content\/uploads\/2017\/03\/Sans-titre-1.png\" alt=\"\"> \n\t\t<\/div>\n\t<\/li>\n\t<!-- SLIDE  -->\n\t<li data-transition=\"fade\" data-slotamount=\"7\" data-masterspeed=\"300\"  data-saveperformance=\"off\" >\n\t\t<!-- MAIN IMAGE -->\n\t\t<img decoding=\"async\" src=\"https:\/\/villamedica.ca\/wp-content\/uploads\/2017\/04\/colloqueweb21.jpg\"  alt=\"colloqueweb21\"  data-bgposition=\"center bottom\" data-bgfit=\"cover\" data-bgrepeat=\"no-repeat\">\n\t\t<!-- LAYERS -->\n\n\t\t<!-- LAYER NR. 1 -->\n\t\t<div class=\"tp-caption tp-fade\" \n\t\t\t data-x=\"31\" \n\t\t\t data-y=\"59\"  \n\t\t\tdata-speed=\"300\" \n\t\t\tdata-start=\"500\" \n\t\t\tdata-easing=\"Power3.easeInOut\" \n\t\t\tdata-elementdelay=\"0.1\" \n\t\t\tdata-endelementdelay=\"0.1\" \n\t\t\t data-endspeed=\"300\" \n\n\t\t\tstyle=\"z-index: 5;\"><img decoding=\"async\" src=\"https:\/\/villamedica.ca\/wp-content\/uploads\/2017\/03\/Sans-titre-1.png\" alt=\"\"> \n\t\t<\/div>\n\t<\/li>\n<\/ul>\n<div class=\"tp-bannertimer\"><\/div>\t<\/div>\n\t\t\t\n\n\t\t\t<style scoped><\/style>\n\n\t\t\t<script type=\"text\/javascript\">\n\n\t\t\t\t\/******************************************\n\t\t\t\t\t-\tPREPARE PLACEHOLDER FOR SLIDER\t-\n\t\t\t\t******************************************\/\n\t\t\t\t\n\n\t\t\t\tvar setREVStartSize = function() {\n\t\t\t\t\tvar\ttpopt = new Object();\n\t\t\t\t\t\ttpopt.startwidth = 1024;\n\t\t\t\t\t\ttpopt.startheight = 290;\n\t\t\t\t\t\ttpopt.container = jQuery('#rev_slider_6_1');\n\t\t\t\t\t\ttpopt.fullScreen = \"off\";\n\t\t\t\t\t\ttpopt.forceFullWidth=\"on\";\n\n\t\t\t\t\ttpopt.container.closest(\".rev_slider_wrapper\").css({height:tpopt.container.height()});tpopt.width=parseInt(tpopt.container.width(),0);tpopt.height=parseInt(tpopt.container.height(),0);tpopt.bw=tpopt.width\/tpopt.startwidth;tpopt.bh=tpopt.height\/tpopt.startheight;if(tpopt.bh>tpopt.bw)tpopt.bh=tpopt.bw;if(tpopt.bh<tpopt.bw)tpopt.bw=tpopt.bh;if(tpopt.bw<tpopt.bh)tpopt.bh=tpopt.bw;if(tpopt.bh>1){tpopt.bw=1;tpopt.bh=1}if(tpopt.bw>1){tpopt.bw=1;tpopt.bh=1}tpopt.height=Math.round(tpopt.startheight*(tpopt.width\/tpopt.startwidth));if(tpopt.height>tpopt.startheight&&tpopt.autoHeight!=\"on\")tpopt.height=tpopt.startheight;if(tpopt.fullScreen==\"on\"){tpopt.height=tpopt.bw*tpopt.startheight;var cow=tpopt.container.parent().width();var coh=jQuery(window).height();if(tpopt.fullScreenOffsetContainer!=undefined){try{var offcontainers=tpopt.fullScreenOffsetContainer.split(\",\");jQuery.each(offcontainers,function(e,t){coh=coh-jQuery(t).outerHeight(true);if(coh<tpopt.minFullScreenHeight)coh=tpopt.minFullScreenHeight})}catch(e){}}tpopt.container.parent().height(coh);tpopt.container.height(coh);tpopt.container.closest(\".rev_slider_wrapper\").height(coh);tpopt.container.closest(\".forcefullwidth_wrapper_tp_banner\").find(\".tp-fullwidth-forcer\").height(coh);tpopt.container.css({height:\"100%\"});tpopt.height=coh;}else{tpopt.container.height(tpopt.height);tpopt.container.closest(\".rev_slider_wrapper\").height(tpopt.height);tpopt.container.closest(\".forcefullwidth_wrapper_tp_banner\").find(\".tp-fullwidth-forcer\").height(tpopt.height);}\n\t\t\t\t};\n\n\t\t\t\t\/* CALL PLACEHOLDER *\/\n\t\t\t\tsetREVStartSize();\n\n\n\t\t\t\tvar tpj=jQuery;\n\t\t\t\ttpj.noConflict();\n\t\t\t\tvar revapi6;\n\n\t\t\t\ttpj(document).ready(function() {\n\n\t\t\t\tif(tpj('#rev_slider_6_1').revolution == undefined){\n\t\t\t\t\trevslider_showDoubleJqueryError('#rev_slider_6_1');\n\t\t\t\t}else{\n\t\t\t\t   revapi6 = tpj('#rev_slider_6_1').show().revolution(\n\t\t\t\t\t{\t\n\t\t\t\t\t\t\t\t\t\t\t\tdottedOverlay:\"none\",\n\t\t\t\t\t\tdelay:9000,\n\t\t\t\t\t\tstartwidth:1024,\n\t\t\t\t\t\tstartheight:290,\n\t\t\t\t\t\thideThumbs:200,\n\n\t\t\t\t\t\tthumbWidth:100,\n\t\t\t\t\t\tthumbHeight:50,\n\t\t\t\t\t\tthumbAmount:3,\n\t\t\t\t\t\t\n\t\t\t\t\t\t\t\t\t\t\t\t\n\t\t\t\t\t\tsimplifyAll:\"off\",\n\n\t\t\t\t\t\tnavigationType:\"none\",\n\t\t\t\t\t\tnavigationArrows:\"none\",\n\t\t\t\t\t\tnavigationStyle:\"round\",\n\n\t\t\t\t\t\ttouchenabled:\"on\",\n\t\t\t\t\t\tonHoverStop:\"on\",\n\t\t\t\t\t\tnextSlideOnWindowFocus:\"off\",\n\n\t\t\t\t\t\tswipe_threshold: 75,\n\t\t\t\t\t\tswipe_min_touches: 1,\n\t\t\t\t\t\tdrag_block_vertical: false,\n\t\t\t\t\t\t\n\t\t\t\t\t\t\t\t\t\t\t\t\n\t\t\t\t\t\t\t\t\t\t\t\t\n\t\t\t\t\t\tkeyboardNavigation:\"off\",\n\n\t\t\t\t\t\tnavigationHAlign:\"center\",\n\t\t\t\t\t\tnavigationVAlign:\"bottom\",\n\t\t\t\t\t\tnavigationHOffset:0,\n\t\t\t\t\t\tnavigationVOffset:0,\n\n\t\t\t\t\t\tsoloArrowLeftHalign:\"left\",\n\t\t\t\t\t\tsoloArrowLeftValign:\"center\",\n\t\t\t\t\t\tsoloArrowLeftHOffset:20,\n\t\t\t\t\t\tsoloArrowLeftVOffset:0,\n\n\t\t\t\t\t\tsoloArrowRightHalign:\"right\",\n\t\t\t\t\t\tsoloArrowRightValign:\"center\",\n\t\t\t\t\t\tsoloArrowRightHOffset:20,\n\t\t\t\t\t\tsoloArrowRightVOffset:0,\n\n\t\t\t\t\t\tshadow:0,\n\t\t\t\t\t\tfullWidth:\"on\",\n\t\t\t\t\t\tfullScreen:\"off\",\n\n\t\t\t\t\t\t\t\t\t\t\t\tspinner:\"spinner0\",\n\t\t\t\t\t\t\t\t\t\t\t\t\n\t\t\t\t\t\tstopLoop:\"off\",\n\t\t\t\t\t\tstopAfterLoops:-1,\n\t\t\t\t\t\tstopAtSlide:-1,\n\n\t\t\t\t\t\tshuffle:\"off\",\n\n\t\t\t\t\t\tautoHeight:\"off\",\n\t\t\t\t\t\tforceFullWidth:\"on\",\n\t\t\t\t\t\t\n\t\t\t\t\t\t\n\t\t\t\t\t\t\n\t\t\t\t\t\thideThumbsOnMobile:\"off\",\n\t\t\t\t\t\thideNavDelayOnMobile:1500,\n\t\t\t\t\t\thideBulletsOnMobile:\"off\",\n\t\t\t\t\t\thideArrowsOnMobile:\"off\",\n\t\t\t\t\t\thideThumbsUnderResolution:0,\n\n\t\t\t\t\t\t\t\t\t\t\t\thideSliderAtLimit:0,\n\t\t\t\t\t\thideCaptionAtLimit:0,\n\t\t\t\t\t\thideAllCaptionAtLilmit:0,\n\t\t\t\t\t\tstartWithSlide:0\t\t\t\t\t});\n\n\n\n\t\t\t\t\t\t\t\t\t}\n\t\t\t\t});\t\/*ready*\/\n\n\t\t\t<\/script>\n\n\n\t\t\t<\/div><!-- END REVOLUTION SLIDER --><\/div><\/div><\/div><\/div><\/div><div class=\"vc_row-full-width vc_clearfix\"><\/div><\/div>[\/vc_column][\/vc_row][vc_row full_width=&#8221;stretch_row&#8221; css=&#8221;.vc_custom_1489029363576{margin-top: 0px !important;margin-bottom: 0px !important;border-top-width: 0px !important;border-bottom-width: 0px !important;padding-top: 0px !important;padding-bottom: 0px !important;background-color: #333333 !important;}&#8221; el_id=&#8221;mc&#8221;][vc_column css=&#8221;.vc_custom_1489024502131{margin-top: 0px !important;margin-bottom: 0px !important;border-top-width: 0px !important;border-bottom-width: 0px !important;padding-top: 0px !important;padding-bottom: 0px !important;}&#8221;]<div class=\"templatera_shortcode\"><div id=\"mc\" data-vc-full-width=\"true\" data-vc-full-width-init=\"false\" class=\"vc_row wpb_row vc_row-fluid vc_custom_1489024781027 vc_row-has-fill\"><div class=\"wpb_column vc_column_container vc_col-sm-12 vc_col-has-fill\"><div class=\"vc_column-inner vc_custom_1489024502131\"><div class=\"wpb_wrapper\">\n\t<div class=\"wpb_raw_code wpb_content_element wpb_raw_html vc_custom_1507751418923\" >\n\t\t<div class=\"wpb_wrapper\">\n\t\t\t<div id=\"cssmenu\">\n  <ul>\n     <li><a href=\"#\">Pr\u00e9sentation<\/a>\n        <ul>\n           <li><a href=\"http:\/\/villamedica.ca\/colloque2017\/presentation\/mot-de-villa-medica\/\">Mot de Villa Medica<\/a><\/li>\n           <li><a href=\"http:\/\/villamedica.ca\/colloque2017\/presentation\/comite-organisateur\/\">Comit\u00e9 organisateur<\/a><\/li>\n        <\/ul>\n     <\/li>\n     <li><a href=\"#\">Programme<\/a>\n        <ul>\n           <li><a href=\"http:\/\/villamedica.ca\/colloque2017\/programme\/resume-du-programme\/\">R\u00e9sum\u00e9 du programme<\/a><\/li>\n           <li><a href=\"http:\/\/villamedica.ca\/colloque2017\/programme\/programme-detaille\/\">Programme d\u00e9taill\u00e9<\/a><\/li>\n           <li><a href=\"http:\/\/villamedica.ca\/colloque2017\/programme\/ateliers\/\">Documentation des conf\u00e9rences et ateliers<\/a><\/li>\n           <li><a href=\"http:\/\/villamedica.ca\/colloque2017\/programme\/presentations-par-affiche\/\">Pr\u00e9sentations par affiche<\/a><\/li>\n           <li><a href=\"http:\/\/villamedica.ca\/colloque2017\/programme\/partenaires-de-levenement\/\">Partenaires de l\u2019\u00e9v\u00e9nement<\/a><\/li>\n           <li><a href=\"http:\/\/villamedica.ca\/colloque2017\/programme\/version-pdf\/\" target=\"_blank\">Versions PDF<\/a><\/li>\n        <\/ul>\n     <\/li>\n     <li><a href=\"http:\/\/villamedica.ca\/colloque2017\/inscription\/\">Inscription<\/a><\/li>\n     <li><a href=\"#\">Informations g\u00e9n\u00e9rales<\/a>\n        <ul>\n           <li><a href=\"http:\/\/villamedica.ca\/colloque2017\/informations-generales\/hebergement\/\">H\u00e9bergement<\/a><\/li>\n           <li><a href=\"http:\/\/villamedica.ca\/colloque2017\/informations-generales\/transport\/\">Transport<\/a><\/li>\n           <li><a href=\"http:\/\/villamedica.ca\/colloque2017\/informations-generales\/un-evenement-ecoresponsable\/\">Un \u00e9v\u00e9nement \u00e9coresponsable<\/a><\/li>\n        <\/ul>\n     <\/li>\n     <li><a href=\"http:\/\/villamedica.ca\/colloque2017\/Bulletins\/\">Bulletins<\/a><\/li>\n  <\/ul>\n<\/div>\n\t\t<\/div>\n\t<\/div>\n<\/div><\/div><\/div><\/div><div class=\"vc_row-full-width vc_clearfix\"><\/div><\/div>[\/vc_column][\/vc_row][vc_row][vc_column width=&#8221;2\/3&#8243; css=&#8221;.vc_custom_1488639564947{padding-right: 50px !important;}&#8221;][vc_custom_heading source=&#8221;post_title&#8221; font_container=&#8221;tag:h2|font_size:40|text_align:left&#8221; use_theme_fonts=&#8221;yes&#8221;][vc_row_inner][vc_column_inner width=&#8221;1\/2&#8243;][vc_single_image image=&#8221;2873&#8243; img_size=&#8221;250&#215;250&#8243; alignment=&#8221;center&#8221; style=&#8221;vc_box_shadow_circle_2&#8243;][vc_column_text]<strong>Hazel Lefebvre<\/strong><br \/>\n Villa Medica Rehabilitation Hospital<strong><br \/>\n<\/strong>Rehabilitation professional since<br \/>\n52 years[\/vc_column_text][\/vc_column_inner][vc_column_inner width=&#8221;1\/2&#8243;][vc_single_image image=&#8221;2885&#8243; img_size=&#8221;250&#215;250&#8243; alignment=&#8221;center&#8221; style=&#8221;vc_box_shadow_circle_2&#8243;][vc_column_text]<strong>Jean-Marc Potvin<\/strong><br \/>\n Deputy CEO<br \/>\nCIUSSS du Centre-Sud-de-l&#8217;\u00cele-de-Montr\u00e9al[\/vc_column_text][\/vc_column_inner][\/vc_row_inner][vc_column_text]Knowledge is developing, practices and intervention strategies are being refined, partnerships are multiplying for the greater benefit of users and those around them. Under the theme &#8220;FOR A PARTNERSHIP WITHOUT LIMITS \u2013 A WORLD OF POSSIBLES&#8221;, the members of the organizing committee of the 2017 Quebec Physical Rehabilitation Symposium have set themselves the objective of presenting you with new promising avenues in terms of care trajectory and services for your reflection as well as useful and relevant tools for your daily practice.<\/p>\n<p>This flagship knowledge-sharing activity will allow us to discover and explore these worlds of possibilities in the light of experiential knowledge, the commitment and aspirations of the user combined with the expertise of teams and partners. Guest speakers come from a variety of backgrounds. Their presentations aim to identify promising experiences and initiatives in adult physical rehabilitation. They will also emphasize the importance of partnership and the essential bonds of trust that must exist between the user and the many stakeholders in the continuum of care and services.<\/p>\n<p>Whether you are a worker with people with physical disabilities, or in physical health, a user, a researcher, a manager or a partner of the large Rehabilitation community, the organizing committee warmly invites you to participate in this unique event full of hope. and renewal designed for you by your network colleagues.<\/p>\n<p>See you there!<\/p>\n<p>The co-presidents of the 2017 Quebec Rehabilitation Conference,<\/p>\n<p>Hazel Lefebvre and Jean-Marc Potvin[\/vc_column_text][\/vc_column][vc_column width=&#8221;1\/3&#8243; css=&#8221;.vc_custom_1489437761634{margin-top: 40px !important;padding-right: 30px !important;padding-left: 30px !important;background-color: #e8e8e8 !important;background-position: 0 0 !important;background-repeat: no-repeat !important;}&#8221;]<div class=\"templatera_shortcode\"><div class=\"vc_row wpb_row vc_row-fluid\"><div class=\"wpb_column vc_column_container vc_col-sm-12\"><div class=\"vc_column-inner vc_custom_1488639564947\"><div class=\"wpb_wrapper\">\n\t<div  class=\"wpb_single_image wpb_content_element vc_align_left\">\n\t\t\n\t\t<figure class=\"wpb_wrapper vc_figure\">\n\t\t\t<div class=\"vc_single_image-wrapper   vc_box_border_grey\"><img loading=\"lazy\" decoding=\"async\" width=\"275\" height=\"428\" src=\"https:\/\/villamedica.ca\/wp-content\/uploads\/2017\/03\/colloque_vignette.jpg\" class=\"vc_single_image-img attachment-large\" alt=\"\" srcset=\"https:\/\/villamedica.ca\/wp-content\/uploads\/2017\/03\/colloque_vignette.jpg 275w, https:\/\/villamedica.ca\/wp-content\/uploads\/2017\/03\/colloque_vignette-193x300.jpg 193w\" sizes=\"auto, (max-width: 275px) 100vw, 275px\" \/><\/div>\n\t\t<\/figure>\n\t<\/div>\n\n\t<div class=\"wpb_text_column wpb_content_element \" >\n\t\t<div class=\"wpb_wrapper\">\n\t\t\t<h2>Communiquez avec nous<\/h2>\n<p><strong>H\u00f4pital de r\u00e9adaptation\u00a0Villa Medica<\/strong><\/p>\n<p>225 rue Sherbrooke Est<br \/>\nMontr\u00e9al (Qu\u00e9bec) H2X 1C9<\/p>\n<p>514-288-8201 poste 4412<br \/>\n<a href=\"mailto:colloquereadaptation@villamedica.ca\">colloquereadaptation@villamedica.ca<\/a><\/p>\n\n\t\t<\/div>\n\t<\/div>\n<div class=\"vc_separator wpb_content_element vc_separator_align_center vc_sep_width_100 vc_sep_pos_align_center vc_separator_no_text\" ><span class=\"vc_sep_holder vc_sep_holder_l\"><span  style=\"border-color:#1e73be;\" class=\"vc_sep_line\"><\/span><\/span><span class=\"vc_sep_holder vc_sep_holder_r\"><span  style=\"border-color:#1e73be;\" class=\"vc_sep_line\"><\/span><\/span>\n<\/div>\n\t<div class=\"wpb_raw_code wpb_content_element wpb_raw_html\" >\n\t\t<div class=\"wpb_wrapper\">\n\t\t\t<h2>Inscrivez-vous \u00e0 la liste d'envoi pour recevoir les bulletins!<\/h2>\n<!-- Begin MailChimp Signup Form -->\n<div id=\"mc_embed_signup\"><form id=\"mc-embedded-subscribe-form\" class=\"validate\" action=\"\/\/villamedica.us16.list-manage.com\/subscribe\/post?u=44512714dc50199baf1c69365&amp;id=ae6f3b0802\" method=\"post\" name=\"mc-embedded-subscribe-form\" novalidate=\"\" target=\"_blank\">\n<div id=\"mc_embed_signup_scroll\">\n\n<input id=\"mce-EMAIL\" class=\"email\" name=\"EMAIL\" required=\"\" type=\"email\" value=\"\" placeholder=\"Adresse courriel\" \/>\n\n<!-- real people should not fill this in and expect good things - do not remove this or risk form bot signups-->\n<div style=\"position: absolute; left: -5000px;\"><input tabindex=\"-1\" name=\"b_44512714dc50199baf1c69365_ae6f3b0802\" type=\"text\" value=\"\" \/><\/div>\n<div class=\"clear\"><input id=\"mc-embedded-subscribe\" class=\"button\" name=\"subscribe\" type=\"submit\" value=\"S'inscrire\" \/><\/div>\n<\/div>\n<\/form><\/div>\n<!--End mc_embed_signup-->\n\t\t<\/div>\n\t<\/div>\n<div class=\"vc_separator wpb_content_element vc_separator_align_center vc_sep_width_100 vc_sep_pos_align_center vc_separator_no_text\" ><span class=\"vc_sep_holder vc_sep_holder_l\"><span  style=\"border-color:#1e73be;\" class=\"vc_sep_line\"><\/span><\/span><span class=\"vc_sep_holder vc_sep_holder_r\"><span  style=\"border-color:#1e73be;\" class=\"vc_sep_line\"><\/span><\/span>\n<\/div>\n\t<div class=\"wpb_text_column wpb_content_element \" >\n\t\t<div class=\"wpb_wrapper\">\n\t\t\t<h2>Suivez-nous<\/h2>\n<p><a href=\"https:\/\/www.facebook.com\/colloquereadaptationphysique2017\/\"><img loading=\"lazy\" decoding=\"async\" class=\"alignnone size-full wp-image-2476\" src=\"http:\/\/villamedica.ca\/wp-content\/uploads\/2017\/03\/facebook.png\" alt=\"facebook\" width=\"50\" height=\"50\" \/><\/a>\u00a0\u00a0<a href=\"https:\/\/www.linkedin.com\/groups\/8597964\"><img loading=\"lazy\" decoding=\"async\" class=\"alignnone size-full wp-image-2478\" src=\"http:\/\/villamedica.ca\/wp-content\/uploads\/2017\/03\/linkedin.png\" alt=\"linkedin\" width=\"50\" height=\"50\" \/><\/a>\u00a0 <a href=\"https:\/\/twitter.com\/colloque_readap\"><img loading=\"lazy\" decoding=\"async\" class=\"alignnone size-full wp-image-3248\" src=\"http:\/\/villamedica.ca\/wp-content\/uploads\/2017\/03\/twitter.png\" alt=\"twitter\" width=\"50\" height=\"50\" \/><\/a><\/p>\n\n\t\t<\/div>\n\t<\/div>\n<\/div><\/div><\/div><\/div><div class=\"vc_row wpb_row vc_row-fluid\"><div class=\"wpb_column vc_column_container vc_col-sm-12\"><div class=\"vc_column-inner\"><div class=\"wpb_wrapper\"><\/div><\/div><\/div><\/div><\/div>[\/vc_column][\/vc_row]<\/p>\n","protected":false},"excerpt":{"rendered":"Communiquez avec nous H\u00f4pital de r\u00e9adaptation\u00a0Villa Medica 225 rue Sherbrooke Est Montr\u00e9al (Qu\u00e9bec) H2X 1C9 514-288-8201 poste 4412 colloquereadaptation@villamedica.ca Inscrivez-vous \u00e0 la liste d'envoi pour recevoir les bulletins! Suivez-nous \u00a0\u00a0\u00a0","protected":false},"author":2,"featured_media":0,"parent":0,"menu_order":0,"comment_status":"open","ping_status":"open","template":"page3.php","meta":{"_acf_changed":false,"footnotes":""},"class_list":["post-7836","page","type-page","status-publish","hentry"],"acf":[],"aioseo_notices":[],"_links":{"self":[{"href":"https:\/\/villamedica.ca\/en\/wp-json\/wp\/v2\/pages\/7836","targetHints":{"allow":["GET"]}}],"collection":[{"href":"https:\/\/villamedica.ca\/en\/wp-json\/wp\/v2\/pages"}],"about":[{"href":"https:\/\/villamedica.ca\/en\/wp-json\/wp\/v2\/types\/page"}],"author":[{"embeddable":true,"href":"https:\/\/villamedica.ca\/en\/wp-json\/wp\/v2\/users\/2"}],"replies":[{"embeddable":true,"href":"https:\/\/villamedica.ca\/en\/wp-json\/wp\/v2\/comments?post=7836"}],"version-history":[{"count":5,"href":"https:\/\/villamedica.ca\/en\/wp-json\/wp\/v2\/pages\/7836\/revisions"}],"predecessor-version":[{"id":7929,"href":"https:\/\/villamedica.ca\/en\/wp-json\/wp\/v2\/pages\/7836\/revisions\/7929"}],"wp:attachment":[{"href":"https:\/\/villamedica.ca\/en\/wp-json\/wp\/v2\/media?parent=7836"}],"curies":[{"name":"wp","href":"https:\/\/api.w.org\/{rel}","templated":true}]}}