{"id":7862,"date":"2022-05-12T14:35:00","date_gmt":"2022-05-12T18:35:00","guid":{"rendered":"https:\/\/villamedica.ca\/telerehabilitation\/"},"modified":"2022-05-12T14:35:00","modified_gmt":"2022-05-12T18:35:00","slug":"telerehabilitation","status":"publish","type":"page","link":"https:\/\/villamedica.ca\/en\/telerehabilitation\/","title":{"rendered":"Telerehabilitation"},"content":{"rendered":"<p><iframe loading=\"lazy\" src=\"https:\/\/player.vimeo.com\/video\/418197958?dnt=1&amp;app_id=122963\" width=\"625\" height=\"352\" frameborder=\"0\" allow=\"autoplay; fullscreen; picture-in-picture; clipboard-write; encrypted-media; web-share\" referrerpolicy=\"strict-origin-when-cross-origin\"><\/iframe><\/p>\n<p>En avril 2020, l\u2019H\u00f4pital de R\u00e9adaptation Villa Medica est devenu membre du <a href=\"https:\/\/telesantequebec.ca\/patient\/\"><strong>R\u00e9seau Qu\u00e9b\u00e9cois de T\u00e9l\u00e9sant\u00e9<\/strong><\/a>; une initiative du Minist\u00e8re de la Sant\u00e9 et des Services Sociaux qui promeut et soutient les activit\u00e9s de t\u00e9l\u00e9sant\u00e9, comme la t\u00e9l\u00e9r\u00e9adaptation.<\/p>\n<p><strong>Qu\u2019est-ce que la t\u00e9l\u00e9r\u00e9adaptation? <\/strong>La <strong>t\u00e9l\u00e9r\u00e9adaptation<\/strong> est une modalit\u00e9 de prestation de services qui cr\u00e9e un r\u00e9seau virtuel compl\u00e9mentaire aux services existants. La t\u00e9l\u00e9r\u00e9adaptation permet d\u2019offrir des soins et des services de r\u00e9adaptation \u00e0 distance, par l\u2019utilisation des solutions technologiques s\u00e9curis\u00e9es.<\/p>\n<p><strong>Respect de la confidentialit\u00e9<\/strong>Tout comme dans le cas des consultations en personne, les renseignements personnels sont trait\u00e9s en toute s\u00e9curit\u00e9 et de mani\u00e8re confidentielle.<\/p>\n<p>La t\u00e9l\u00e9r\u00e9adaptation requiert un ordinateur ou une tablette \u00e9quip\u00e9 d\u2019une cam\u00e9ra, d\u2019un micro, d\u2019une connexion internet fiable et d&#8217;avoir le lien de la rencontre virtuelle transmis par votre professionnel dans le courriel d&#8217;invitation.<\/p>\n<p><strong>Documents \u00e0 l\u2019attention des clients :<\/strong><a href=\"https:\/\/villamedica.ca\/wp-content\/uploads\/2020\/09\/TEAMS_Proc\u00e9dure-pour-le-patient-nayant-pas-acc\u00e8s-\u00e0-Teams.pdf\">TEAMS Proc\u00e9dure pour le patient n&#8217;ayant pas acc\u00e8s \u00e0 Teams<\/a>Pour plus d\u2019informations et des ressources en ligne, consultez le R\u00e9seau qu\u00e9b\u00e9cois de t\u00e9l\u00e9sant\u00e9: <a href=\"https:\/\/telesante.quebec\/\">https:\/\/telesantequebec.ca\/patient\/<\/a><\/p>\n","protected":false},"excerpt":{"rendered":"<p>En avril 2020, l\u2019H\u00f4pital de R\u00e9adaptation Villa Medica est devenu membre du R\u00e9seau Qu\u00e9b\u00e9cois de T\u00e9l\u00e9sant\u00e9; une initiative du Minist\u00e8re de la Sant\u00e9 et des Services Sociaux qui promeut et soutient les activit\u00e9s de t\u00e9l\u00e9sant\u00e9, comme la t\u00e9l\u00e9r\u00e9adaptation. Qu\u2019est-ce que la t\u00e9l\u00e9r\u00e9adaptation? La t\u00e9l\u00e9r\u00e9adaptation est une modalit\u00e9 de prestation de services qui cr\u00e9e un r\u00e9seau [&hellip;]<\/p>\n","protected":false},"author":3,"featured_media":0,"parent":0,"menu_order":0,"comment_status":"closed","ping_status":"closed","template":"","meta":{"_acf_changed":false,"footnotes":""},"class_list":["post-7862","page","type-page","status-publish","hentry"],"acf":[],"aioseo_notices":[],"_links":{"self":[{"href":"https:\/\/villamedica.ca\/en\/wp-json\/wp\/v2\/pages\/7862","targetHints":{"allow":["GET"]}}],"collection":[{"href":"https:\/\/villamedica.ca\/en\/wp-json\/wp\/v2\/pages"}],"about":[{"href":"https:\/\/villamedica.ca\/en\/wp-json\/wp\/v2\/types\/page"}],"author":[{"embeddable":true,"href":"https:\/\/villamedica.ca\/en\/wp-json\/wp\/v2\/users\/3"}],"replies":[{"embeddable":true,"href":"https:\/\/villamedica.ca\/en\/wp-json\/wp\/v2\/comments?post=7862"}],"version-history":[{"count":0,"href":"https:\/\/villamedica.ca\/en\/wp-json\/wp\/v2\/pages\/7862\/revisions"}],"wp:attachment":[{"href":"https:\/\/villamedica.ca\/en\/wp-json\/wp\/v2\/media?parent=7862"}],"curies":[{"name":"wp","href":"https:\/\/api.w.org\/{rel}","templated":true}]}}