{"id":7873,"date":"2022-05-12T14:35:01","date_gmt":"2022-05-12T18:35:01","guid":{"rendered":"https:\/\/villamedica.ca\/stroke-dating\/"},"modified":"2022-05-12T15:15:24","modified_gmt":"2022-05-12T19:15:24","slug":"stroke-dating","status":"publish","type":"page","link":"https:\/\/villamedica.ca\/en\/stroke-dating\/","title":{"rendered":"Stroke sessions"},"content":{"rendered":"<h1><strong>Stroke information sessions<\/strong><\/h1>\n<p>In order to provide education to our clientele and their loved ones, we will resume information meetings on stroke as of March 2, 2021. <strong><a href=\"#inscription-rencontres-AVC\">Registration for stroke sessions<\/a><\/strong><\/p>\n<p>We are offering a series of 4 sessions on different topics related to stroke and prevention. A cycle of sessions will start every 5 weeks. These meetings offered by our professionals specializing in rehabilitation are an excellent opportunity to equip you to deal with stroke, its consequences and the various means of preventing it.<\/p>\n<h3><strong><u>Target clientele :<\/u><\/strong><\/h3>\n<ul class='list-reset-disc'>\n<li>Clients hospitalized or in outpatient rehabilitation who have suffered a stroke;<\/li>\n<li>The relatives of our customers;<\/li>\n<li>Customers of our network partners and their relatives.<\/li>\n<\/ul>\n<div>\n<p><u>Schedule of meetings<\/u> :<\/p>\n<\/div>\n<div>\n<p>Meetings take place on<b> <\/b><b>Tuesdays<\/b> <strong>from 4:30 p.m. to 5:30 p.m.<\/strong><\/p>\n<div>\n<ul class='list-reset-disc'>\n<li>April 19: General information<\/li>\n<li>April 26: Prevention and risk factors<\/li>\n<li>May 3: Nutritional treatment in stroke prevention (Cancelled)<\/li>\n<li>May 10: Communication breaches<\/li>\n<li>May 17: Emotions at the heart of the brain<\/li>\n<\/ul>\n<p><span style=\"color: inherit; font-size: 1.95em; font-weight: 600;\">Where:<\/span><\/p>\n<\/div>\n<p>For hospitalized clients who are not in isolation, meetings will be face-to-face in room 1220 on the 12th floor. In addition, meetings are available on tablets for all of our hospitalized clients who request them from their care team. External customers, relatives and the public can attend meetings by teleconference via the ZOOM application. <a title=\"\" href=\"https:\/\/can01.safelinks.protection.outlook.com\/?url=https%3A%2F%2Fvillamedica.ca%2Frencontres-avc%2F%23voir-details&amp;data=04%7C01%7Cmarie-soleil.tessier.vmed%40ssss.gouv.qc.ca%7C8528df830259470b987c08d9277d940c%7C06e1fe285f8b4075bf6cae24be1a7992%7C0%7C0%7C637584242566122483%7CUnknown%7CTWFpbGZsb3d8eyJWIjoiMC4wLjAwMDAiLCJQIjoiV2luMzIiLCJBTiI6Ik1haWwiLCJXVCI6Mn0%3D%7C1000&amp;sdata=%2BbrV2wqWo3ffWxtSTQA%2FkF0jZDZwoEGlNUdm81U8lHk%3D&amp;reserved=0\" target=\"_blank\" rel=\"noopener noreferrer\" data-auth=\"VerificationFailed\" data-linkindex=\"1\">Additional Information.<\/a><\/p>\n<\/div>\n<p>The information corresponding to the new cycles will be updated on this page.<\/p>\n<p>To register for one or more meetings, please click on the following link to access the registration form and complete it: <strong><a title=\"URL d'origine : https:\/\/villamedica.ca\/rencontres-avc\/#inscription-rencontres-AVC. Cliquez ou appuyez si vous faites confiance \u00e0 ce lien.\" href=\"https:\/\/can01.safelinks.protection.outlook.com\/?url=https%3A%2F%2Fvillamedica.ca%2Frencontres-avc%2F%23inscription-rencontres-AVC&amp;data=04%7C01%7Cmarie-soleil.tessier.vmed%40ssss.gouv.qc.ca%7C34ff1b0cdf5e41fa6ab308d925ffae9e%7C06e1fe285f8b4075bf6cae24be1a7992%7C0%7C0%7C637582602344113403%7CUnknown%7CTWFpbGZsb3d8eyJWIjoiMC4wLjAwMDAiLCJQIjoiV2luMzIiLCJBTiI6Ik1haWwiLCJXVCI6Mn0%3D%7C1000&amp;sdata=hwN4FSq2DodrKnhhqN8aMUVb%2Bary8z7PIpLsWPuURKA%3D&amp;reserved=0\" target=\"_blank\" rel=\"noopener noreferrer\" data-auth=\"Verified\" data-linkindex=\"3\">Registration for AVC meetings<\/a> .<\/strong><\/p>\n<p>For any questions, do not hesitate to contact us, we remain at your disposal.<\/p>\n<p>Contact one of our trajectory managers:<\/p>\n<p style=\"padding-left: 40px;\"><strong>M\u00e9lanie Camirand-Larue<\/strong> 514 288-8201 ext. 4579<br \/>\n<strong>Francis Vincent<\/strong> 514 288-8201 ext. 4514<\/p>\n<h3 id=\"voir-details\"><strong>Additional Information<\/strong><\/h3>\n<p>The meetings for which you are registered will take place on the Zoom platform in synchronous mode (live). A link to participate in the virtual meeting will be emailed to you on the day of the meeting. For more information on how Zooms works, we invite you to consult the patient guide for clinical videoconferencing for the health network offered by the Quebec Telehealth Network.<\/p>\n<ul class=\"x_x_list-reset-disc\">\n<li><a title=\"URL d'origine : https:\/\/telesante.quebec\/guideteams\/pdf\/20-DI-00167-24_PJ_Procedure%20pour%20le%20patient%20n'ayant%20pas%20acces%20a%20Teams.pdf. Cliquez ou appuyez si vous faites confiance \u00e0 ce lien.\" href=\"https:\/\/villamedica.ca\/wp-content\/uploads\/2021\/02\/FR_Zoom_guide_patient.pdf\" target=\"_blank\" rel=\"noopener noreferrer\" data-auth=\"Verified\" data-linkindex=\"4\">Patient&#8217;s Guide<\/a> to a Zoom Virtual Home Meeting<\/li>\n<li><a title=\"URL d'origine : https:\/\/telesante.quebec\/index.html. Cliquez ou appuyez si vous faites confiance \u00e0 ce lien.\" href=\"https:\/\/can01.safelinks.protection.outlook.com\/?url=https%3A%2F%2Ftelesante.quebec%2Findex.html&amp;data=04%7C01%7Cmarie-soleil.tessier.vmed%40ssss.gouv.qc.ca%7C34ff1b0cdf5e41fa6ab308d925ffae9e%7C06e1fe285f8b4075bf6cae24be1a7992%7C0%7C0%7C637582602344123398%7CUnknown%7CTWFpbGZsb3d8eyJWIjoiMC4wLjAwMDAiLCJQIjoiV2luMzIiLCJBTiI6Ik1haWwiLCJXVCI6Mn0%3D%7C1000&amp;sdata=AIEJpLs%2B3gBilOl3y3xI2qdZtzfBZPN5Q1pxi9Phatk%3D&amp;reserved=0\" target=\"_blank\" rel=\"noopener noreferrer\" data-auth=\"Verified\" data-linkindex=\"5\">Ministry of Health and Social Services of Quebec: Quebec Telehealth Network<\/a><\/li>\n<\/ul>\n<p>It is very important to do the tests before the first session (testing the audio equipment, testing updates, etc.)<br \/>\nWe invite you to log in to the training 10 minutes before the start time of each meeting.<\/p>\n<p><a title=\"URL d'origine : https:\/\/villamedica.ca\/ce-que-nous-offrons\/nos-soins\/neurologie\/. Cliquez ou appuyez si vous faites confiance \u00e0 ce lien.\" href=\"https:\/\/can01.safelinks.protection.outlook.com\/?url=https%3A%2F%2Fvillamedica.ca%2Fce-que-nous-offrons%2Fnos-soins%2Fneurologie%2F&amp;data=04%7C01%7Cmarie-soleil.tessier.vmed%40ssss.gouv.qc.ca%7C34ff1b0cdf5e41fa6ab308d925ffae9e%7C06e1fe285f8b4075bf6cae24be1a7992%7C0%7C0%7C637582602344123398%7CUnknown%7CTWFpbGZsb3d8eyJWIjoiMC4wLjAwMDAiLCJQIjoiV2luMzIiLCJBTiI6Ik1haWwiLCJXVCI6Mn0%3D%7C1000&amp;sdata=UNHpyS63SGNFQt2i%2BBWjfa6n0Lk9P4VlJpqTmYIO9Kk%3D&amp;reserved=0\" target=\"_blank\" rel=\"noopener noreferrer\" data-auth=\"Verified\" data-linkindex=\"6\">Click here<\/a> to find out about the care offered to neurology clients.<\/p>\n<h2 id=\"inscription-rencontres-AVC\">Register now for information meetings on cerebrovascular accident (CVA)<\/h2>\n<div class=\"wpforms-container wpforms-container-full\" id=\"wpforms-4918\"><form id=\"wpforms-form-4918\" class=\"wpforms-validate wpforms-form\" data-formid=\"4918\" method=\"post\" enctype=\"multipart\/form-data\" action=\"\/en\/wp-json\/wp\/v2\/pages\/7873\" data-token=\"13c6cad87ec0f198b05e79d267c54134\"><noscript class=\"wpforms-error-noscript\">Please enable JavaScript in your browser to complete this form.<\/noscript><div class=\"wpforms-field-container\"><div id=\"wpforms-4918-field_11-container\" class=\"wpforms-field wpforms-field-select wpforms-field-select-style-classic\" data-field-id=\"11\"><label class=\"wpforms-field-label\" for=\"wpforms-4918-field_11\">Je suis <span class=\"wpforms-required-label\">*<\/span><\/label><select id=\"wpforms-4918-field_11\" class=\"wpforms-field-medium wpforms-field-required\" name=\"wpforms[fields][11]\" required=\"required\"><option value=\"Un client hospitalis\u00e9 \u00e0 Villa Medica\" >Un client hospitalis\u00e9 \u00e0 Villa Medica<\/option><option value=\"Un client en suivi ambulatoire ou CPA\" >Un client en suivi ambulatoire ou CPA<\/option><option value=\"Un proche d&#039;un client en r\u00e9adaptation \u00e0 Villa Medica\" >Un proche d&#039;un client en r\u00e9adaptation \u00e0 Villa Medica<\/option><option value=\"R\u00e9f\u00e9r\u00e9 par un partenaire du r\u00e9seau de la sant\u00e9\" >R\u00e9f\u00e9r\u00e9 par un partenaire du r\u00e9seau de la sant\u00e9<\/option><option value=\"Un usager ayant subi un AVC\" >Un usager ayant subi un AVC<\/option><option value=\"Autre\" >Autre<\/option><\/select><\/div><div id=\"wpforms-4918-field_10-container\" class=\"wpforms-field wpforms-field-text\" data-field-id=\"10\"><label class=\"wpforms-field-label\" for=\"wpforms-4918-field_10\">Si vous \u00eates un proche d&#039;un client, veuillez s&#039;il-vous-plait nous indiquer son nom ci-dessous<\/label><input type=\"text\" id=\"wpforms-4918-field_10\" class=\"wpforms-field-medium\" name=\"wpforms[fields][10]\" ><div class=\"wpforms-field-description\">Nom du client hospitalis\u00e9 \u00e0 Villa Medica<\/div><\/div><div id=\"wpforms-4918-field_0-container\" class=\"wpforms-field wpforms-field-name\" data-field-id=\"0\"><label class=\"wpforms-field-label\" for=\"wpforms-4918-field_0\">Nom <span class=\"wpforms-required-label\">*<\/span><\/label><div class=\"wpforms-field-row wpforms-field-medium\"><div class=\"wpforms-field-row-block wpforms-first wpforms-one-half\"><input type=\"text\" id=\"wpforms-4918-field_0\" class=\"wpforms-field-name-first wpforms-field-required\" name=\"wpforms[fields][0][first]\" required><label for=\"wpforms-4918-field_0\" class=\"wpforms-field-sublabel after \">First<\/label><\/div><div class=\"wpforms-field-row-block wpforms-one-half\"><input type=\"text\" id=\"wpforms-4918-field_0-last\" class=\"wpforms-field-name-last wpforms-field-required\" name=\"wpforms[fields][0][last]\" required><label for=\"wpforms-4918-field_0-last\" class=\"wpforms-field-sublabel after \">Last<\/label><\/div><\/div><\/div><div id=\"wpforms-4918-field_1-container\" class=\"wpforms-field wpforms-field-email\" data-field-id=\"1\"><label class=\"wpforms-field-label\" for=\"wpforms-4918-field_1\">E-mail <span class=\"wpforms-required-label\">*<\/span><\/label><input type=\"email\" id=\"wpforms-4918-field_1\" class=\"wpforms-field-medium wpforms-field-required\" name=\"wpforms[fields][1]\" required><\/div><div id=\"wpforms-4918-field_7-container\" class=\"wpforms-field wpforms-field-checkbox\" data-field-id=\"7\"><label class=\"wpforms-field-label\" for=\"wpforms-4918-field_7\">Rencontres auxquelles je souhaite assister :<\/label><ul id=\"wpforms-4918-field_7\" data-choice-limit=\"3\"><li class=\"choice-72 depth-1\"><input type=\"checkbox\" id=\"wpforms-4918-field_7_72\" data-rule-check-limit=\"true\" name=\"wpforms[fields][7][]\" value=\"19 novembre : Information\"  ><label class=\"wpforms-field-label-inline\" for=\"wpforms-4918-field_7_72\">19 novembre : Information<\/label><\/li><li class=\"choice-73 depth-1\"><input type=\"checkbox\" id=\"wpforms-4918-field_7_73\" data-rule-check-limit=\"true\" name=\"wpforms[fields][7][]\" value=\"26 novembre : Pr\u00e9vention \"  ><label class=\"wpforms-field-label-inline\" for=\"wpforms-4918-field_7_73\">26 novembre : Pr\u00e9vention <\/label><\/li><li class=\"choice-74 depth-1\"><input type=\"checkbox\" id=\"wpforms-4918-field_7_74\" data-rule-check-limit=\"true\" name=\"wpforms[fields][7][]\" value=\"3 d\u00e9cembre : Nutrition\"  ><label class=\"wpforms-field-label-inline\" for=\"wpforms-4918-field_7_74\">3 d\u00e9cembre : Nutrition<\/label><\/li><li class=\"choice-75 depth-1\"><input type=\"checkbox\" id=\"wpforms-4918-field_7_75\" data-rule-check-limit=\"true\" name=\"wpforms[fields][7][]\" value=\"10 d\u00e9cembre : Communication\"  ><label class=\"wpforms-field-label-inline\" for=\"wpforms-4918-field_7_75\">10 d\u00e9cembre : Communication<\/label><\/li><\/ul><\/div><div id=\"wpforms-4918-field_2-container\" class=\"wpforms-field wpforms-field-textarea\" data-field-id=\"2\"><label class=\"wpforms-field-label\" for=\"wpforms-4918-field_2\">Commentaire ou question<\/label><textarea id=\"wpforms-4918-field_2\" class=\"wpforms-field-small\" name=\"wpforms[fields][2]\" ><\/textarea><\/div><\/div><div class=\"wpforms-field wpforms-field-hp\"><label for=\"wpforms-4918-field-hp\" class=\"wpforms-field-label\">Comment<\/label><input type=\"text\" name=\"wpforms[hp]\" id=\"wpforms-4918-field-hp\" class=\"wpforms-field-medium\"><\/div><div class=\"wpforms-submit-container\"><input type=\"hidden\" name=\"wpforms[id]\" value=\"4918\"><input type=\"hidden\" name=\"wpforms[author]\" value=\"3\"><button type=\"submit\" name=\"wpforms[submit]\" id=\"wpforms-submit-4918\" class=\"wpforms-submit\" data-alt-text=\"Envoi...\" data-submit-text=\"Envoyer\" aria-live=\"assertive\" value=\"wpforms-submit\">Envoyer<\/button><\/div><\/form><\/div>  <!-- .wpforms-container -->\n","protected":false},"excerpt":{"rendered":"<p>Stroke information sessions In order to provide education to our clientele and their loved ones, we will resume information meetings on stroke as of March 2, 2021. Registration for stroke sessions We are offering a series of 4 sessions on different topics related to stroke and prevention. A cycle of sessions will start every 5 [&hellip;]<\/p>\n","protected":false},"author":3,"featured_media":4983,"parent":0,"menu_order":0,"comment_status":"closed","ping_status":"closed","template":"","meta":{"_acf_changed":false,"footnotes":""},"class_list":["post-7873","page","type-page","status-publish","hentry"],"acf":[],"aioseo_notices":[],"_links":{"self":[{"href":"https:\/\/villamedica.ca\/en\/wp-json\/wp\/v2\/pages\/7873","targetHints":{"allow":["GET"]}}],"collection":[{"href":"https:\/\/villamedica.ca\/en\/wp-json\/wp\/v2\/pages"}],"about":[{"href":"https:\/\/villamedica.ca\/en\/wp-json\/wp\/v2\/types\/page"}],"author":[{"embeddable":true,"href":"https:\/\/villamedica.ca\/en\/wp-json\/wp\/v2\/users\/3"}],"replies":[{"embeddable":true,"href":"https:\/\/villamedica.ca\/en\/wp-json\/wp\/v2\/comments?post=7873"}],"version-history":[{"count":1,"href":"https:\/\/villamedica.ca\/en\/wp-json\/wp\/v2\/pages\/7873\/revisions"}],"predecessor-version":[{"id":8022,"href":"https:\/\/villamedica.ca\/en\/wp-json\/wp\/v2\/pages\/7873\/revisions\/8022"}],"wp:featuredmedia":[{"embeddable":true,"href":"https:\/\/villamedica.ca\/en\/wp-json\/wp\/v2\/media\/4983"}],"wp:attachment":[{"href":"https:\/\/villamedica.ca\/en\/wp-json\/wp\/v2\/media?parent=7873"}],"curies":[{"name":"wp","href":"https:\/\/api.w.org\/{rel}","templated":true}]}}