{"id":7972,"date":"2022-05-12T14:38:37","date_gmt":"2022-05-12T18:38:37","guid":{"rendered":"https:\/\/villamedica.ca\/ner21-training\/"},"modified":"2022-05-12T14:38:51","modified_gmt":"2022-05-12T18:38:51","slug":"ner21-training","status":"publish","type":"page","link":"https:\/\/villamedica.ca\/en\/ner21-training\/","title":{"rendered":"NER21 training"},"content":{"rendered":"<p>[vc_row][vc_column][\/vc_column][\/vc_row][vc_row][vc_column width=&#8221;2\/3&#8243;][vc_column_text]<\/p>\n<header class=\"archive-header\">\n<h1 class=\"archive-title\">NER21 training<\/h1>\n<\/header>\n<div class=\"entry-content\">\n<p>NER 21 training<img loading=\"lazy\" decoding=\"async\" class=\"alignright wp-image-1959 size-medium\" src=\"https:\/\/villamedica.ca\/wp-content\/uploads\/2016\/02\/logoner21-300x182.gif\" alt=\"Formation NER 21 \" width=\"300\" height=\"182\"> is an environmental and biopsychosocial rehabilitation approach for people with central nervous system (CNS) impairment.<\/p>\n<p>It incorporates current knowledge of movement science (motor control and learning), neuronal plasticity and scientific research. It uses evidence-based practice (EBP) which is based on 3 pillars:<\/p>\n<ul class='list-reset-disc'>\n<li>Integration of current research findings;<\/li>\n<li>recognition of the relevance of the opinion of clinical experts;<\/li>\n<li>respect for the preferences of people affected in their integrity.<\/li>\n<\/ul>\n<p>People with Alzheimer&#8217;s are encouraged to have a decision-making role regarding the proposed intervention plans and to prioritize their objectives.<\/p>\n<p>Registration for the next session will take place in June. Complete the form to subscribe to our newsletter and receive more information.<\/p>\n<p><h3> No Accordion Found <\/h3>\r\n<script type=\"text\/javascript\">\r\n\t\r\n\t\tfunction do_resize(){\r\n\r\n\t\t\tvar width=jQuery( '.wpsm_panel .wpsm_panel-body iframe' ).width();\r\n\t\t\tvar height=jQuery( '.wpsm_panel .wpsm_panel-body iframe' ).height();\r\n\r\n\t\t\tvar toggleSize = true;\r\n\t\t\tjQuery('iframe').animate({\r\n\t\t\t    width: toggleSize ? width : 640,\r\n\t\t\t    height: toggleSize ? height : 360\r\n\t\t\t  }, 250);\r\n\r\n\t\t\t  toggleSize = !toggleSize;\r\n\t\t}\r\n\t\t\r\n<\/script>\tFor more information, visit the <a href=\"http:\/\/www.ner21.org\/Default.aspx\" target=\"_blank\" rel=\"noopener noreferrer\">NER 21 Association<\/a> .<\/p>\n<\/p><\/div>\n<p>[\/vc_column_text][\/vc_column][vc_column width=&#8221;1\/3&#8243; css=&#8221;.vc_custom_1620935590893{background-color: #f7f7f7 !important;}&#8221;]\n<div class=\"wpcf7 no-js\" id=\"wpcf7-f6770-o1\" lang=\"fr-FR\" dir=\"ltr\" data-wpcf7-id=\"6770\">\n<div class=\"screen-reader-response\"><p role=\"status\" aria-live=\"polite\" aria-atomic=\"true\"><\/p> <ul><\/ul><\/div>\n<form action=\"\/en\/wp-json\/wp\/v2\/pages\/7972#wpcf7-f6770-o1\" method=\"post\" class=\"wpcf7-form init\" aria-label=\"Formulaire de contact\" novalidate=\"novalidate\" data-status=\"init\">\n<fieldset class=\"hidden-fields-container\"><input type=\"hidden\" name=\"_wpcf7\" value=\"6770\" \/><input type=\"hidden\" name=\"_wpcf7_version\" value=\"6.1.5\" \/><input type=\"hidden\" name=\"_wpcf7_locale\" value=\"fr_FR\" \/><input type=\"hidden\" name=\"_wpcf7_unit_tag\" value=\"wpcf7-f6770-o1\" \/><input type=\"hidden\" name=\"_wpcf7_container_post\" value=\"0\" \/><input type=\"hidden\" name=\"_wpcf7_posted_data_hash\" value=\"\" \/>\n<\/fieldset>\n<h3> <strong>Inscrivez-vous \u00e0 notre liste d'envoi \u00e9lectroniques pour recevoir les informations concernant la prochaine s\u00e9ance d'inscription qui aura lieu en juin 2022.<\/strong>\n<\/h3>\n<p><label> Nom*<br \/>\n<span class=\"wpcf7-form-control-wrap\" data-name=\"nom\"><input size=\"40\" maxlength=\"400\" class=\"wpcf7-form-control wpcf7-text wpcf7-validates-as-required\" aria-required=\"true\" aria-invalid=\"false\" value=\"\" type=\"text\" name=\"nom\" \/><\/span> <\/label>\n<\/p>\n<p><label> Titre professionnel*<br \/>\n<span class=\"wpcf7-form-control-wrap\" data-name=\"Titre-professionnel\"><input size=\"40\" maxlength=\"400\" class=\"wpcf7-form-control wpcf7-text\" aria-invalid=\"false\" value=\"\" type=\"text\" name=\"Titre-professionnel\" \/><\/span> <\/label>\n<\/p>\n<p><label> Courriel*<br \/>\n<span class=\"wpcf7-form-control-wrap\" data-name=\"courriel\"><input size=\"40\" maxlength=\"400\" class=\"wpcf7-form-control wpcf7-email wpcf7-validates-as-required wpcf7-text wpcf7-validates-as-email\" aria-required=\"true\" aria-invalid=\"false\" value=\"\" type=\"email\" name=\"courriel\" \/><\/span> <\/label>\n<\/p>\n<p><label> Je suis int\u00e9r\u00e9ss\u00e9(e) au(x) s\u00e9minaire(s) suivant(s):<\/label><br \/>\n<span class=\"wpcf7-form-control-wrap\" data-name=\"Interet\"><span class=\"wpcf7-form-control wpcf7-checkbox\"><span class=\"wpcf7-list-item first\"><input type=\"checkbox\" name=\"Interet[]\" value=\"S\u00e9minaire 1-2: (ergo et physio) R\u00e9\u00e9ducation\/R\u00e9adaptation post-AVC\" \/><span class=\"wpcf7-list-item-label\">S\u00e9minaire 1-2: (ergo et physio) R\u00e9\u00e9ducation\/R\u00e9adaptation post-AVC<\/span><\/span><span class=\"wpcf7-list-item\"><input type=\"checkbox\" name=\"Interet[]\" value=\"S\u00e9minaire 3: (ergo et physio) Approfondissement de la r\u00e9\u00e9ducation des personnes post-AVC\/TCC\" \/><span class=\"wpcf7-list-item-label\">S\u00e9minaire 3: (ergo et physio) Approfondissement de la r\u00e9\u00e9ducation des personnes post-AVC\/TCC<\/span><\/span><span class=\"wpcf7-list-item last\"><input type=\"checkbox\" name=\"Interet[]\" value=\"S\u00e9minaire 5B (orthophonistes)\" \/><span class=\"wpcf7-list-item-label\">S\u00e9minaire 5B (orthophonistes)<\/span><\/span><\/span><\/span>\n<\/p>\n<p><input class=\"wpcf7-form-control wpcf7-submit has-spinner\" type=\"submit\" value=\"Envoyer\" \/>\n<\/p><div class=\"wpcf7-response-output\" aria-hidden=\"true\"><\/div>\n<\/form>\n<\/div>\n[\/vc_column][\/vc_row]<\/p>\n","protected":false},"excerpt":{"rendered":"<p>[vc_row][vc_column][\/vc_column][\/vc_row][vc_row][vc_column width=&#8221;2\/3&#8243;][vc_column_text] NER21 training NER 21 training is an environmental and biopsychosocial rehabilitation approach for people with central nervous system (CNS) impairment. It incorporates current knowledge of movement science (motor control and learning), neuronal plasticity and scientific research. It uses evidence-based practice (EBP) which is based on 3 pillars: Integration of current research findings; recognition [&hellip;]<\/p>\n","protected":false},"author":3,"featured_media":0,"parent":0,"menu_order":0,"comment_status":"closed","ping_status":"closed","template":"page3.php","meta":{"_acf_changed":false,"footnotes":""},"class_list":["post-7972","page","type-page","status-publish","hentry"],"acf":[],"aioseo_notices":[],"_links":{"self":[{"href":"https:\/\/villamedica.ca\/en\/wp-json\/wp\/v2\/pages\/7972","targetHints":{"allow":["GET"]}}],"collection":[{"href":"https:\/\/villamedica.ca\/en\/wp-json\/wp\/v2\/pages"}],"about":[{"href":"https:\/\/villamedica.ca\/en\/wp-json\/wp\/v2\/types\/page"}],"author":[{"embeddable":true,"href":"https:\/\/villamedica.ca\/en\/wp-json\/wp\/v2\/users\/3"}],"replies":[{"embeddable":true,"href":"https:\/\/villamedica.ca\/en\/wp-json\/wp\/v2\/comments?post=7972"}],"version-history":[{"count":1,"href":"https:\/\/villamedica.ca\/en\/wp-json\/wp\/v2\/pages\/7972\/revisions"}],"predecessor-version":[{"id":7973,"href":"https:\/\/villamedica.ca\/en\/wp-json\/wp\/v2\/pages\/7972\/revisions\/7973"}],"wp:attachment":[{"href":"https:\/\/villamedica.ca\/en\/wp-json\/wp\/v2\/media?parent=7972"}],"curies":[{"name":"wp","href":"https:\/\/api.w.org\/{rel}","templated":true}]}}